{"id":1065,"date":"2021-08-03T11:18:42","date_gmt":"2021-08-03T11:18:42","guid":{"rendered":"https:\/\/snt.org.mx\/?page_id=1065"},"modified":"2023-12-12T18:50:53","modified_gmt":"2023-12-12T18:50:53","slug":"antecedentes","status":"publish","type":"page","link":"https:\/\/snt.transparencia.gob.mx\/?page_id=1065","title":{"rendered":"Antecedentes"},"content":{"rendered":"\t\t<div data-elementor-type=\"wp-page\" data-elementor-id=\"1065\" class=\"elementor elementor-1065\">\n\t\t\t\t\t\t<section class=\"elementor-section elementor-top-section elementor-element elementor-element-86bfd9a elementor-section-boxed elementor-section-height-default elementor-section-height-default\" data-id=\"86bfd9a\" data-element_type=\"section\">\n\t\t\t\t\t\t<div class=\"elementor-container elementor-column-gap-default\">\n\t\t\t\t\t<div class=\"elementor-column elementor-col-100 elementor-top-column elementor-element elementor-element-66b046e\" data-id=\"66b046e\" data-element_type=\"column\">\n\t\t\t<div class=\"elementor-widget-wrap elementor-element-populated\">\n\t\t\t\t\t\t<div class=\"elementor-element elementor-element-29832b9 elementor-widget elementor-widget-spacer\" data-id=\"29832b9\" data-element_type=\"widget\" data-widget_type=\"spacer.default\">\n\t\t\t\t<div class=\"elementor-widget-container\">\n\t\t\t\t\t\t\t<div class=\"elementor-spacer\">\n\t\t\t<div class=\"elementor-spacer-inner\"><\/div>\n\t\t<\/div>\n\t\t\t\t\t\t<\/div>\n\t\t\t\t<\/div>\n\t\t\t\t\t<\/div>\n\t\t<\/div>\n\t\t\t\t\t<\/div>\n\t\t<\/section>\n\t\t\t\t<section class=\"elementor-section elementor-top-section elementor-element elementor-element-d97c0d4 elementor-section-boxed elementor-section-height-default elementor-section-height-default\" data-id=\"d97c0d4\" data-element_type=\"section\">\n\t\t\t\t\t\t<div class=\"elementor-container elementor-column-gap-default\">\n\t\t\t\t\t<div class=\"elementor-column elementor-col-33 elementor-top-column elementor-element elementor-element-3d9bf96\" data-id=\"3d9bf96\" data-element_type=\"column\">\n\t\t\t<div class=\"elementor-widget-wrap elementor-element-populated\">\n\t\t\t\t\t\t<section class=\"elementor-section elementor-inner-section elementor-element elementor-element-6d5b02d elementor-hidden-mobile elementor-section-boxed elementor-section-height-default elementor-section-height-default\" data-id=\"6d5b02d\" data-element_type=\"section\">\n\t\t\t\t\t\t<div class=\"elementor-container elementor-column-gap-no\">\n\t\t\t\t\t<div class=\"elementor-column elementor-col-100 elementor-inner-column elementor-element elementor-element-ec94552\" data-id=\"ec94552\" data-element_type=\"column\">\n\t\t\t<div class=\"elementor-widget-wrap elementor-element-populated\">\n\t\t\t\t\t\t<div class=\"elementor-element elementor-element-7f7a75f elementor-align-center elementor-widget elementor-widget-button\" data-id=\"7f7a75f\" data-element_type=\"widget\" data-widget_type=\"button.default\">\n\t\t\t\t<div class=\"elementor-widget-container\">\n\t\t\t\t\t\t\t\t\t<div class=\"elementor-button-wrapper\">\n\t\t\t\t\t<a class=\"elementor-button elementor-button-link elementor-size-sm\" href=\"https:\/\/snt.transparencia.gob.mx\/?page_id=1065\">\n\t\t\t\t\t\t<span class=\"elementor-button-content-wrapper\">\n\t\t\t\t\t\t\t\t\t<span class=\"elementor-button-text\">CAPACITACI\u00d3N<\/span>\n\t\t\t\t\t<\/span>\n\t\t\t\t\t<\/a>\n\t\t\t\t<\/div>\n\t\t\t\t\t\t\t\t<\/div>\n\t\t\t\t<\/div>\n\t\t\t\t<div class=\"elementor-element elementor-element-c7f622a elementor-align-center elementor-icon-list--layout-traditional elementor-list-item-link-full_width elementor-widget elementor-widget-icon-list\" data-id=\"c7f622a\" data-element_type=\"widget\" data-widget_type=\"icon-list.default\">\n\t\t\t\t<div class=\"elementor-widget-container\">\n\t\t\t\t\t\t\t<ul class=\"elementor-icon-list-items\">\n\t\t\t\t\t\t\t<li class=\"elementor-icon-list-item\">\n\t\t\t\t\t\t\t\t\t\t\t<a href=\"https:\/\/snt.transparencia.gob.mx\/?page_id=1065\">\n\n\t\t\t\t\t\t\t\t\t\t\t<span class=\"elementor-icon-list-text\"><h style=\"color:#C05095;\">Red Nacional por una Cultura<\/h><\/span>\n\t\t\t\t\t\t\t\t\t\t\t<\/a>\n\t\t\t\t\t\t\t\t\t<\/li>\n\t\t\t\t\t\t\t\t<li class=\"elementor-icon-list-item\">\n\t\t\t\t\t\t\t\t\t\t\t<a href=\"https:\/\/snt.transparencia.gob.mx\/?page_id=1072\">\n\n\t\t\t\t\t\t\t\t\t\t\t<span class=\"elementor-icon-list-text\">CEVINAI<\/span>\n\t\t\t\t\t\t\t\t\t\t\t<\/a>\n\t\t\t\t\t\t\t\t\t<\/li>\n\t\t\t\t\t\t\t\t<li class=\"elementor-icon-list-item\">\n\t\t\t\t\t\t\t\t\t\t\t<a href=\"https:\/\/snt.transparencia.gob.mx\/?page_id=14423\">\n\n\t\t\t\t\t\t\t\t\t\t\t<span class=\"elementor-icon-list-text\">Plataformas de Capacitaci\u00f3n de las Entidades Federativas<\/span>\n\t\t\t\t\t\t\t\t\t\t\t<\/a>\n\t\t\t\t\t\t\t\t\t<\/li>\n\t\t\t\t\t\t<\/ul>\n\t\t\t\t\t\t<\/div>\n\t\t\t\t<\/div>\n\t\t\t\t<div class=\"elementor-element elementor-element-5973ae4 elementor-widget-divider--view-line elementor-widget elementor-widget-divider\" data-id=\"5973ae4\" data-element_type=\"widget\" data-widget_type=\"divider.default\">\n\t\t\t\t<div class=\"elementor-widget-container\">\n\t\t\t\t\t\t\t<div class=\"elementor-divider\">\n\t\t\t<span class=\"elementor-divider-separator\">\n\t\t\t\t\t\t<\/span>\n\t\t<\/div>\n\t\t\t\t\t\t<\/div>\n\t\t\t\t<\/div>\n\t\t\t\t\t<\/div>\n\t\t<\/div>\n\t\t\t\t\t<\/div>\n\t\t<\/section>\n\t\t\t\t\t<\/div>\n\t\t<\/div>\n\t\t\t\t<div class=\"elementor-column elementor-col-66 elementor-top-column elementor-element elementor-element-becb1a6\" data-id=\"becb1a6\" data-element_type=\"column\">\n\t\t\t<div class=\"elementor-widget-wrap elementor-element-populated\">\n\t\t\t\t\t\t<div class=\"elementor-element elementor-element-d9e9ccf elementor-widget elementor-widget-text-editor\" data-id=\"d9e9ccf\" data-element_type=\"widget\" data-widget_type=\"text-editor.default\">\n\t\t\t\t<div class=\"elementor-widget-container\">\n\t\t\t\t\t\t\t\t\t<p>\u00a0 ANTECEDENTES RED NACIONAL POR UNA CULTURA DE LA TRANSPARENCIA<\/p>\t\t\t\t\t\t\t\t<\/div>\n\t\t\t\t<\/div>\n\t\t\t\t<section class=\"elementor-section elementor-inner-section elementor-element elementor-element-3b76d17 elementor-section-boxed elementor-section-height-default elementor-section-height-default\" data-id=\"3b76d17\" data-element_type=\"section\">\n\t\t\t\t\t\t<div class=\"elementor-container elementor-column-gap-default\">\n\t\t\t\t\t<div class=\"elementor-column elementor-col-100 elementor-inner-column elementor-element elementor-element-5e706e7\" data-id=\"5e706e7\" data-element_type=\"column\">\n\t\t\t<div class=\"elementor-widget-wrap elementor-element-populated\">\n\t\t\t\t\t\t<div class=\"elementor-element elementor-element-d995f57 elementor-widget elementor-widget-text-editor\" data-id=\"d995f57\" data-element_type=\"widget\" data-widget_type=\"text-editor.default\">\n\t\t\t\t<div class=\"elementor-widget-container\">\n\t\t\t\t\t\t\t\t\t<p>La RED Nacional por una Cultura de la Transparencia es una estrategia de capacitaci\u00f3n que tiene como sustento la comunicaci\u00f3n con y entre los \u00d3rganos Garantes y los Sujetos Obligados para planear, dar seguimiento y revisar resultados de los programas de capacitaci\u00f3n en materia de transparencia, acceso a la informaci\u00f3n, protecci\u00f3n de datos personales y temas relacionados.<\/p><p>\u00a0<\/p><p>Esta Estrategia de Capacitaci\u00f3n de Alcance Nacional, se dirige hacia el objetivo espec\u00edfico del PROTAI y PRONADATOS, que se refiere a organizar acciones coordinadas entre los \u00f3rganos garantes integrantes del SNT, para fortalecer la comunicaci\u00f3n y el trabajo colaborativo en materia de capacitaci\u00f3n.<\/p><p>\u00a0<\/p><p>Dicho objetivo se logra a trav\u00e9s del Programa de Capacitaci\u00f3n en Transparencia, Acceso a la Informaci\u00f3n, Protecci\u00f3n de Datos Personales, Archivos y Temas Relacionados, con Alcance Nacional (PCCAN).<\/p><p>\u00a0<\/p><p>El PCCAN, como parte de la pol\u00edtica nacional en materia de capacitaci\u00f3n, permite afirmar que la estrategia de trabajo en RED, como mecanismo de coordinaci\u00f3n y comunicaci\u00f3n con y entre los \u00d3rganos Garantes de los Estados, ha generado procesos de entendimiento entre sus integrantes, los Enlaces de Capacitaci\u00f3n de cada uno de los \u00d3rganos Garantes del pa\u00eds, para lograr de una manera consensuada objetivos y metas comunes con Alcance Nacional, premisa indiscutible del Sistema Nacional de Transparencia.<\/p><p>\u00a0<\/p><p>La metodolog\u00eda que se utiliza para la elaboraci\u00f3n del PCCAN, tiene como prop\u00f3sito homogeneizar criterios, lineamientos y formatos para desarrollar, operar y revisar resultados de los programas de capacitaci\u00f3n a nivel nacional.<\/p><p>\u00a0<\/p><p>Para cumplir este prop\u00f3sito, la RED Nacional por una Cultura de la Transparencia opera a trav\u00e9s de Talleres que se organizan a nivel Regional y Nacional, entre integrantes del Sistema Nacional de Transparencia.<\/p><p>\u00a0<\/p><p>Es importante destacar que, en los Talleres Regionales de Planeaci\u00f3n, se toman acuerdos consensuados entre los organismos garantes a trav\u00e9s de sus Enlaces de Capacitaci\u00f3n, mismos que resultar\u00e1n ser los insumos para la elaboraci\u00f3n de los Programas de Capacitaci\u00f3n de los organismos garantes, con la finalidad de:<\/p><ul><li>\u00a0 Unificar prioridades respecto a contenidos y universos comunes para la capacitaci\u00f3n dirigida a los sujetos obligados en ese a\u00f1o.<\/li><li>Establecer criterios, formatos y plazos para la integraci\u00f3n del Programa de Capacitaci\u00f3n en materia de Transparencia, Acceso a la Informaci\u00f3n, Protecci\u00f3n de Datos Personales y temas relacionados en el marco del SNT.<\/li><li>Acordar criterios para el seguimiento de los programas de capacitaci\u00f3n a desarrollar en el marco del SNT.<\/li><\/ul><p>\u00a0<\/p><p>En los talleres de Planeaci\u00f3n, se identifican necesidades, definen problemas, universos de atenci\u00f3n, criterios para la programaci\u00f3n, tem\u00e1ticas a impartir y los formatos para elaborar los programas por Sujeto Obligado. As\u00ed mismo, se acuerdan plazos y compromisos para la entrega de los programas al \u00d3rgano Garante.<\/p><p>\u00a0<\/p><p>En los talleres de Seguimiento, se analizan los problemas u obst\u00e1culos que se pueden presentar en la operaci\u00f3n del Programa, se comparten experiencias e identifican las soluciones y los ajustes necesarios para dar cumplimiento a las metas programadas.<\/p><p>\u00a0<\/p><p>Y en los talleres de Balance de Resultados, se realiza un balance de los logros obtenidos por cada Sujeto Obligado y por la RED Nacional por una Cultura de Transparencia en su conjunto, los principales factores que influyeron en los resultados alcanzados y, con base en ello, se plantean las perspectivas y los retos para el siguiente a\u00f1o.<\/p>\t\t\t\t\t\t\t\t<\/div>\n\t\t\t\t<\/div>\n\t\t\t\t\t<\/div>\n\t\t<\/div>\n\t\t\t\t\t<\/div>\n\t\t<\/section>\n\t\t\t\t\t<\/div>\n\t\t<\/div>\n\t\t\t\t\t<\/div>\n\t\t<\/section>\n\t\t\t\t<section class=\"elementor-section elementor-top-section elementor-element elementor-element-f27b0ac elementor-section-boxed elementor-section-height-default elementor-section-height-default\" data-id=\"f27b0ac\" data-element_type=\"section\">\n\t\t\t\t\t\t<div class=\"elementor-container elementor-column-gap-default\">\n\t\t\t\t\t<div class=\"elementor-column elementor-col-100 elementor-top-column elementor-element elementor-element-f09b211\" data-id=\"f09b211\" data-element_type=\"column\">\n\t\t\t<div class=\"elementor-widget-wrap elementor-element-populated\">\n\t\t\t\t\t\t<div class=\"elementor-element elementor-element-fbcd19f elementor-widget elementor-widget-spacer\" data-id=\"fbcd19f\" data-element_type=\"widget\" id=\"espaciador-final\" data-widget_type=\"spacer.default\">\n\t\t\t\t<div class=\"elementor-widget-container\">\n\t\t\t\t\t\t\t<div class=\"elementor-spacer\">\n\t\t\t<div class=\"elementor-spacer-inner\"><\/div>\n\t\t<\/div>\n\t\t\t\t\t\t<\/div>\n\t\t\t\t<\/div>\n\t\t\t\t\t<\/div>\n\t\t<\/div>\n\t\t\t\t\t<\/div>\n\t\t<\/section>\n\t\t\t\t<section class=\"elementor-section elementor-top-section elementor-element elementor-element-b6138ec elementor-section-boxed elementor-section-height-default elementor-section-height-default\" data-id=\"b6138ec\" data-element_type=\"section\">\n\t\t\t\t\t\t<div class=\"elementor-container elementor-column-gap-default\">\n\t\t\t\t\t<div class=\"elementor-column elementor-col-100 elementor-top-column elementor-element elementor-element-82fdc8e\" data-id=\"82fdc8e\" data-element_type=\"column\">\n\t\t\t<div class=\"elementor-widget-wrap elementor-element-populated\">\n\t\t\t\t\t\t<div class=\"elementor-element elementor-element-776efc8 elementor-align-left elementor-widget__width-initial elementor-fixed elementor-mobile-align-left elementor-widget elementor-widget-button\" data-id=\"776efc8\" data-element_type=\"widget\" data-settings=\"{&quot;_position&quot;:&quot;fixed&quot;}\" data-widget_type=\"button.default\">\n\t\t\t\t<div class=\"elementor-widget-container\">\n\t\t\t\t\t\t\t\t\t<div class=\"elementor-button-wrapper\">\n\t\t\t\t\t<a class=\"elementor-button elementor-button-link elementor-size-sm\" href=\"https:\/\/www.facebook.com\/INAImx\" target=\"_blank\">\n\t\t\t\t\t\t<span class=\"elementor-button-content-wrapper\">\n\t\t\t\t\t\t<span class=\"elementor-button-icon\">\n\t\t\t\t<svg xmlns=\"http:\/\/www.w3.org\/2000\/svg\" width=\"37.333\" height=\"37.333\" viewBox=\"0 0 37.333 37.333\"><g id=\"Grupo_542\" data-name=\"Grupo 542\" opacity=\"0.67\"><g id=\"Grupo_541\" data-name=\"Grupo 541\"><path id=\"Trazado_2556\" data-name=\"Trazado 2556\" d=\"M1165.305,198.038h34.125a2.31,2.31,0,0,1,1.6,1.6v34.122a2.312,2.312,0,0,1-1.6,1.606h-9.916V220.933h4.812c.285-1.938.521-3.708.728-5.616-1.756,0-3.821-.072-5.54-.072-.075-1.778-.562-4.565.584-5.688,1.052-1.031,3.13-.581,5.1-.583,0-1.583.073-3.186.073-5.031-4.434-.757-8.5-.268-10.354,2.477-1.416,2.1-1.41,5.124-1.312,8.824H1178.8v5.615c1.458,0,3.568.073,4.813.073v14.437h-18.3a2.32,2.32,0,0,1-1.6-1.606V199.643A2.318,2.318,0,0,1,1165.305,198.038Z\" transform=\"translate(-1163.701 -198.038)\" fill=\"#e5e3e3\" fill-rule=\"evenodd\"><\/path><\/g><\/g><\/svg>\t\t\t<\/span>\n\t\t\t\t\t\t\t\t<\/span>\n\t\t\t\t\t<\/a>\n\t\t\t\t<\/div>\n\t\t\t\t\t\t\t\t<\/div>\n\t\t\t\t<\/div>\n\t\t\t\t\t<\/div>\n\t\t<\/div>\n\t\t\t\t\t<\/div>\n\t\t<\/section>\n\t\t\t\t<section class=\"elementor-section elementor-top-section elementor-element elementor-element-f4a631a elementor-section-boxed elementor-section-height-default elementor-section-height-default\" data-id=\"f4a631a\" data-element_type=\"section\">\n\t\t\t\t\t\t<div class=\"elementor-container elementor-column-gap-default\">\n\t\t\t\t\t<div class=\"elementor-column elementor-col-100 elementor-top-column elementor-element elementor-element-685f5b9\" data-id=\"685f5b9\" data-element_type=\"column\">\n\t\t\t<div class=\"elementor-widget-wrap elementor-element-populated\">\n\t\t\t\t\t\t<div class=\"elementor-element elementor-element-78d03fc elementor-align-left elementor-widget__width-initial elementor-fixed elementor-widget elementor-widget-button\" data-id=\"78d03fc\" data-element_type=\"widget\" data-settings=\"{&quot;_position&quot;:&quot;fixed&quot;}\" data-widget_type=\"button.default\">\n\t\t\t\t<div class=\"elementor-widget-container\">\n\t\t\t\t\t\t\t\t\t<div class=\"elementor-button-wrapper\">\n\t\t\t\t\t<a class=\"elementor-button elementor-button-link elementor-size-sm\" href=\"https:\/\/twitter.com\/conaip_SNT\" target=\"_blank\">\n\t\t\t\t\t\t<span class=\"elementor-button-content-wrapper\">\n\t\t\t\t\t\t<span class=\"elementor-button-icon\">\n\t\t\t\t<svg xmlns=\"http:\/\/www.w3.org\/2000\/svg\" width=\"46.674\" height=\"46.674\" viewBox=\"0 0 46.674 46.674\"><g id=\"Grupo_549\" data-name=\"Grupo 549\" opacity=\"0.67\"><path id=\"Trazado_2578\" data-name=\"Trazado 2578\" d=\"M1184.04,235.179a23.337,23.337,0,1,0,23.338,23.338A23.338,23.338,0,0,0,1184.04,235.179Zm11.724,18.912c.009.243.015.483.015.728,0,7.434-5.66,16.008-16.009,16.008a15.95,15.95,0,0,1-8.623-2.527,11.61,11.61,0,0,0,1.346.078,11.276,11.276,0,0,0,6.986-2.41,5.627,5.627,0,0,1-5.255-3.906,5.671,5.671,0,0,0,2.538-.1,5.629,5.629,0,0,1-4.513-5.515v-.072a5.617,5.617,0,0,0,2.55.7,5.632,5.632,0,0,1-1.744-7.509,15.976,15.976,0,0,0,11.6,5.878,5.839,5.839,0,0,1-.146-1.284,5.63,5.63,0,0,1,9.736-3.848,11.309,11.309,0,0,0,3.572-1.365,5.643,5.643,0,0,1-2.474,3.111,11.241,11.241,0,0,0,3.231-.885A11.459,11.459,0,0,1,1195.763,254.091Z\" transform=\"translate(-1160.703 -235.179)\" fill=\"#e5e3e3\"><\/path><\/g><\/svg>\t\t\t<\/span>\n\t\t\t\t\t\t\t\t<\/span>\n\t\t\t\t\t<\/a>\n\t\t\t\t<\/div>\n\t\t\t\t\t\t\t\t<\/div>\n\t\t\t\t<\/div>\n\t\t\t\t\t<\/div>\n\t\t<\/div>\n\t\t\t\t\t<\/div>\n\t\t<\/section>\n\t\t\t\t<section class=\"elementor-section elementor-top-section elementor-element elementor-element-07d4b1a elementor-section-boxed elementor-section-height-default elementor-section-height-default\" data-id=\"07d4b1a\" data-element_type=\"section\">\n\t\t\t\t\t\t<div class=\"elementor-container elementor-column-gap-default\">\n\t\t\t\t\t<div class=\"elementor-column elementor-col-100 elementor-top-column elementor-element elementor-element-c2611ed\" data-id=\"c2611ed\" data-element_type=\"column\">\n\t\t\t<div class=\"elementor-widget-wrap elementor-element-populated\">\n\t\t\t\t\t\t<div class=\"elementor-element elementor-element-58f7573 elementor-align-left elementor-widget__width-initial elementor-fixed elementor-widget elementor-widget-button\" data-id=\"58f7573\" data-element_type=\"widget\" data-settings=\"{&quot;_position&quot;:&quot;fixed&quot;}\" data-widget_type=\"button.default\">\n\t\t\t\t<div class=\"elementor-widget-container\">\n\t\t\t\t\t\t\t\t\t<div class=\"elementor-button-wrapper\">\n\t\t\t\t\t<a class=\"elementor-button elementor-button-link elementor-size-sm\" href=\"https:\/\/www.youtube.com\/user\/ifaimexico\" target=\"_blank\">\n\t\t\t\t\t\t<span class=\"elementor-button-content-wrapper\">\n\t\t\t\t\t\t<span class=\"elementor-button-icon\">\n\t\t\t\t<svg xmlns=\"http:\/\/www.w3.org\/2000\/svg\" id=\"Grupo_551\" data-name=\"Grupo 551\" width=\"46.674\" height=\"46.673\" viewBox=\"0 0 46.674 46.673\"><g id=\"Grupo_550\" data-name=\"Grupo 550\" opacity=\"0.67\"><path id=\"Trazado_2579\" data-name=\"Trazado 2579\" d=\"M1184.04,277.319a23.336,23.336,0,1,0,23.338,23.336A23.337,23.337,0,0,0,1184.04,277.319Z\" transform=\"translate(-1160.703 -277.319)\" fill=\"#e5e3e3\"><\/path><\/g><path id=\"Trazado_2580\" data-name=\"Trazado 2580\" d=\"M1197.157,288.534a4.082,4.082,0,0,0-2.885-2.884c-2.544-.682-12.746-.682-12.746-.682s-10.2,0-12.75.682a4.083,4.083,0,0,0-2.882,2.884,45.615,45.615,0,0,0,0,15.706,4.082,4.082,0,0,0,2.882,2.885c2.547.682,12.75.682,12.75.682s10.2,0,12.746-.682a4.082,4.082,0,0,0,2.885-2.885,45.639,45.639,0,0,0,0-15.706Zm-18.893,12.749v-9.789l8.474,4.893Z\" transform=\"translate(-1158.187 -273.051)\" fill=\"#191919\"><\/path><\/svg>\t\t\t<\/span>\n\t\t\t\t\t\t\t\t<\/span>\n\t\t\t\t\t<\/a>\n\t\t\t\t<\/div>\n\t\t\t\t\t\t\t\t<\/div>\n\t\t\t\t<\/div>\n\t\t\t\t\t<\/div>\n\t\t<\/div>\n\t\t\t\t\t<\/div>\n\t\t<\/section>\n\t\t\t\t<\/div>\n\t\t","protected":false},"excerpt":{"rendered":"<p>CAPACITACI\u00d3N Red Nacional por una Cultura CEVINAI Plataformas de Capacitaci\u00f3n de las Entidades Federativas \u00a0 ANTECEDENTES RED NACIONAL POR UNA CULTURA DE LA TRANSPARENCIA La RED Nacional por una Cultura de la Transparencia es una estrategia de capacitaci\u00f3n que tiene como sustento la comunicaci\u00f3n con y entre los \u00d3rganos Garantes y los Sujetos Obligados para [&hellip;]<\/p>\n","protected":false},"author":1,"featured_media":0,"parent":33,"menu_order":1,"comment_status":"closed","ping_status":"closed","template":"","meta":{"om_disable_all_campaigns":false,"_uf_show_specific_survey":0,"_uf_disable_surveys":false,"footnotes":""},"ppma_author":[21],"class_list":["post-1065","page","type-page","status-publish","hentry"],"_links":{"self":[{"href":"https:\/\/snt.transparencia.gob.mx\/index.php?rest_route=\/wp\/v2\/pages\/1065","targetHints":{"allow":["GET"]}}],"collection":[{"href":"https:\/\/snt.transparencia.gob.mx\/index.php?rest_route=\/wp\/v2\/pages"}],"about":[{"href":"https:\/\/snt.transparencia.gob.mx\/index.php?rest_route=\/wp\/v2\/types\/page"}],"author":[{"embeddable":true,"href":"https:\/\/snt.transparencia.gob.mx\/index.php?rest_route=\/wp\/v2\/users\/1"}],"replies":[{"embeddable":true,"href":"https:\/\/snt.transparencia.gob.mx\/index.php?rest_route=%2Fwp%2Fv2%2Fcomments&post=1065"}],"version-history":[{"count":18,"href":"https:\/\/snt.transparencia.gob.mx\/index.php?rest_route=\/wp\/v2\/pages\/1065\/revisions"}],"predecessor-version":[{"id":14508,"href":"https:\/\/snt.transparencia.gob.mx\/index.php?rest_route=\/wp\/v2\/pages\/1065\/revisions\/14508"}],"up":[{"embeddable":true,"href":"https:\/\/snt.transparencia.gob.mx\/index.php?rest_route=\/wp\/v2\/pages\/33"}],"wp:attachment":[{"href":"https:\/\/snt.transparencia.gob.mx\/index.php?rest_route=%2Fwp%2Fv2%2Fmedia&parent=1065"}],"wp:term":[{"taxonomy":"author","embeddable":true,"href":"https:\/\/snt.transparencia.gob.mx\/index.php?rest_route=%2Fwp%2Fv2%2Fppma_author&post=1065"}],"curies":[{"name":"wp","href":"https:\/\/api.w.org\/{rel}","templated":true}]}}