{"id":9,"date":"2021-10-26T20:24:14","date_gmt":"2021-10-26T20:24:14","guid":{"rendered":"https:\/\/snt.org.mx\/cpdp\/?page_id=9"},"modified":"2025-07-15T16:47:13","modified_gmt":"2025-07-15T16:47:13","slug":"inicio","status":"publish","type":"page","link":"https:\/\/snt.transparencia.gob.mx\/cpdp\/","title":{"rendered":"Inicio"},"content":{"rendered":"\t\t<div data-elementor-type=\"wp-page\" data-elementor-id=\"9\" class=\"elementor elementor-9\">\n\t\t\t\t\t\t\t\t\t<section class=\"elementor-section elementor-top-section elementor-element elementor-element-11a449b elementor-hidden-mobile elementor-section-boxed elementor-section-height-default elementor-section-height-default\" data-id=\"11a449b\" data-element_type=\"section\">\n\t\t\t\t\t\t<div class=\"elementor-container elementor-column-gap-default\">\n\t\t\t\t\t<div class=\"elementor-column elementor-col-100 elementor-top-column elementor-element elementor-element-1f77214\" data-id=\"1f77214\" data-element_type=\"column\">\n\t\t\t<div class=\"elementor-widget-wrap elementor-element-populated\">\n\t\t\t\t\t\t\t\t<div class=\"elementor-element elementor-element-3519644 elementor-widget elementor-widget-spacer\" data-id=\"3519644\" data-element_type=\"widget\" data-widget_type=\"spacer.default\">\n\t\t\t\t<div class=\"elementor-widget-container\">\n\t\t\t<style>\/*! elementor - v3.6.1 - 23-03-2022 *\/\n.e-container.e-container--row .elementor-spacer-inner{width:var(--spacer-size)}.e-container.e-container--column .elementor-spacer-inner,.elementor-column .elementor-spacer-inner{height:var(--spacer-size)}<\/style>\t\t<div class=\"elementor-spacer\">\n\t\t\t<div class=\"elementor-spacer-inner\"><\/div>\n\t\t<\/div>\n\t\t\t\t<\/div>\n\t\t\t\t<\/div>\n\t\t\t\t\t<\/div>\n\t\t<\/div>\n\t\t\t\t\t\t\t<\/div>\n\t\t<\/section>\n\t\t\t\t<section class=\"elementor-section elementor-top-section elementor-element elementor-element-9ffc8d9 elementor-hidden-mobile elementor-section-boxed elementor-section-height-default elementor-section-height-default\" data-id=\"9ffc8d9\" data-element_type=\"section\">\n\t\t\t\t\t\t<div class=\"elementor-container elementor-column-gap-default\">\n\t\t\t\t\t<div class=\"elementor-column elementor-col-100 elementor-top-column elementor-element elementor-element-92f17d6\" data-id=\"92f17d6\" data-element_type=\"column\">\n\t\t\t<div class=\"elementor-widget-wrap elementor-element-populated\">\n\t\t\t\t\t\t\t\t<section class=\"elementor-section elementor-inner-section elementor-element elementor-element-9973af4 elementor-section-content-middle elementor-section-boxed elementor-section-height-default elementor-section-height-default\" data-id=\"9973af4\" data-element_type=\"section\">\n\t\t\t\t\t\t<div class=\"elementor-container elementor-column-gap-no\">\n\t\t\t\t\t<div class=\"elementor-column elementor-col-33 elementor-inner-column elementor-element elementor-element-85a109d\" data-id=\"85a109d\" data-element_type=\"column\">\n\t\t\t<div class=\"elementor-widget-wrap elementor-element-populated\">\n\t\t\t\t\t\t\t\t<div class=\"elementor-element elementor-element-5a96429 elementor-widget elementor-widget-spacer\" data-id=\"5a96429\" data-element_type=\"widget\" data-widget_type=\"spacer.default\">\n\t\t\t\t<div class=\"elementor-widget-container\">\n\t\t\t\t\t<div class=\"elementor-spacer\">\n\t\t\t<div class=\"elementor-spacer-inner\"><\/div>\n\t\t<\/div>\n\t\t\t\t<\/div>\n\t\t\t\t<\/div>\n\t\t\t\t\t<\/div>\n\t\t<\/div>\n\t\t\t\t<div class=\"elementor-column elementor-col-33 elementor-inner-column elementor-element elementor-element-3a872ca\" data-id=\"3a872ca\" data-element_type=\"column\">\n\t\t\t<div class=\"elementor-widget-wrap elementor-element-populated\">\n\t\t\t\t\t\t\t\t<div class=\"elementor-element elementor-element-16f3456 elementor-widget elementor-widget-image\" data-id=\"16f3456\" data-element_type=\"widget\" data-widget_type=\"image.default\">\n\t\t\t\t<div class=\"elementor-widget-container\">\n\t\t\t<style>\/*! elementor - v3.6.1 - 23-03-2022 *\/\n.elementor-widget-image{text-align:center}.elementor-widget-image a{display:inline-block}.elementor-widget-image a img[src$=\".svg\"]{width:48px}.elementor-widget-image img{vertical-align:middle;display:inline-block}<\/style>\t\t\t\t\t\t\t\t\t\t\t\t<img width=\"134\" height=\"134\" src=\"https:\/\/snt.transparencia.gob.mx\/cpdp\/wp-content\/uploads\/2021\/11\/Grupo-6712@2x.png\" class=\"attachment-large size-large\" alt=\"\" loading=\"lazy\" \/>\t\t\t\t\t\t\t\t\t\t\t\t\t\t\t<\/div>\n\t\t\t\t<\/div>\n\t\t\t\t\t<\/div>\n\t\t<\/div>\n\t\t\t\t<div class=\"elementor-column elementor-col-33 elementor-inner-column elementor-element elementor-element-74a275f\" data-id=\"74a275f\" data-element_type=\"column\">\n\t\t\t<div class=\"elementor-widget-wrap elementor-element-populated\">\n\t\t\t\t\t\t\t\t<div class=\"elementor-element elementor-element-8732057 elementor-widget elementor-widget-image\" data-id=\"8732057\" data-element_type=\"widget\" data-widget_type=\"image.default\">\n\t\t\t\t<div class=\"elementor-widget-container\">\n\t\t\t\t\t\t\t\t\t\t\t\t\t\t\t\t<a href=\"https:\/\/twitter.com\/CPDP_SNT\" target=\"_blank\">\n\t\t\t\t\t\t\t<img width=\"134\" height=\"134\" src=\"https:\/\/snt.transparencia.gob.mx\/cpdp\/wp-content\/uploads\/2021\/11\/Grupo-6710@2x.png\" class=\"attachment-large size-large\" alt=\"\" loading=\"lazy\" \/>\t\t\t\t\t\t\t\t<\/a>\n\t\t\t\t\t\t\t\t\t\t\t\t\t\t\t<\/div>\n\t\t\t\t<\/div>\n\t\t\t\t\t<\/div>\n\t\t<\/div>\n\t\t\t\t\t\t\t<\/div>\n\t\t<\/section>\n\t\t\t\t\t<\/div>\n\t\t<\/div>\n\t\t\t\t\t\t\t<\/div>\n\t\t<\/section>\n\t\t\t\t<section class=\"elementor-section elementor-top-section elementor-element elementor-element-b06cafc elementor-section-full_width elementor-section-height-default elementor-section-height-default\" data-id=\"b06cafc\" data-element_type=\"section\">\n\t\t\t\t\t\t<div class=\"elementor-container elementor-column-gap-no\">\n\t\t\t\t\t<div class=\"elementor-column elementor-col-100 elementor-top-column elementor-element elementor-element-e85419a\" data-id=\"e85419a\" data-element_type=\"column\">\n\t\t\t<div class=\"elementor-widget-wrap elementor-element-populated\">\n\t\t\t\t\t\t\t\t<div class=\"elementor-element elementor-element-ffaf5c3 elementor-arrows-position-inside elementor-pagination-position-outside elementor-widget elementor-widget-image-carousel\" data-id=\"ffaf5c3\" data-element_type=\"widget\" data-settings=\"{&quot;slides_to_show&quot;:&quot;1&quot;,&quot;navigation&quot;:&quot;both&quot;,&quot;autoplay&quot;:&quot;yes&quot;,&quot;pause_on_hover&quot;:&quot;yes&quot;,&quot;pause_on_interaction&quot;:&quot;yes&quot;,&quot;autoplay_speed&quot;:5000,&quot;infinite&quot;:&quot;yes&quot;,&quot;effect&quot;:&quot;slide&quot;,&quot;speed&quot;:500}\" data-widget_type=\"image-carousel.default\">\n\t\t\t\t<div class=\"elementor-widget-container\">\n\t\t\t<style>\/*! elementor - v3.6.1 - 23-03-2022 *\/\n.elementor-widget-image-carousel .swiper-container{position:static}.elementor-widget-image-carousel .swiper-container .swiper-slide figure{line-height:inherit}.elementor-widget-image-carousel .swiper-slide{text-align:center}.elementor-image-carousel-wrapper:not(.swiper-container-initialized) .swiper-slide{max-width:calc(100% \/ var(--e-image-carousel-slides-to-show, 3))}<\/style>\t\t<div class=\"elementor-image-carousel-wrapper swiper-container\" dir=\"ltr\">\n\t\t\t<div class=\"elementor-image-carousel swiper-wrapper swiper-image-stretch\">\n\t\t\t\t\t\t\t\t<div class=\"swiper-slide\"><figure class=\"swiper-slide-inner\"><img class=\"swiper-slide-image\" src=\"https:\/\/snt.transparencia.gob.mx\/cpdp\/wp-content\/uploads\/CPDP-SNT.png\" alt=\"CPDP SNT\" \/><\/figure><\/div>\t\t\t<\/div>\n\t\t\t\t\t<\/div>\n\t\t\t\t<\/div>\n\t\t\t\t<\/div>\n\t\t\t\t\t<\/div>\n\t\t<\/div>\n\t\t\t\t\t\t\t<\/div>\n\t\t<\/section>\n\t\t\t\t<section class=\"elementor-section elementor-top-section elementor-element elementor-element-26a0dd6 elementor-section-boxed elementor-section-height-default elementor-section-height-default\" data-id=\"26a0dd6\" data-element_type=\"section\">\n\t\t\t\t\t\t<div class=\"elementor-container elementor-column-gap-default\">\n\t\t\t\t\t<div class=\"elementor-column elementor-col-100 elementor-top-column elementor-element elementor-element-9029cab\" data-id=\"9029cab\" data-element_type=\"column\">\n\t\t\t<div class=\"elementor-widget-wrap elementor-element-populated\">\n\t\t\t\t\t\t\t\t<section class=\"elementor-section elementor-inner-section elementor-element elementor-element-3d34225 elementor-section-boxed elementor-section-height-default elementor-section-height-default\" data-id=\"3d34225\" data-element_type=\"section\">\n\t\t\t\t\t\t<div class=\"elementor-container elementor-column-gap-default\">\n\t\t\t\t\t<div class=\"elementor-column elementor-col-50 elementor-inner-column elementor-element elementor-element-31ad436\" data-id=\"31ad436\" data-element_type=\"column\">\n\t\t\t<div class=\"elementor-widget-wrap elementor-element-populated\">\n\t\t\t\t\t\t\t\t<div class=\"elementor-element elementor-element-06aa25f elementor-widget elementor-widget-text-editor\" data-id=\"06aa25f\" data-element_type=\"widget\" data-widget_type=\"text-editor.default\">\n\t\t\t\t<div class=\"elementor-widget-container\">\n\t\t\t<style>\/*! elementor - v3.6.1 - 23-03-2022 *\/\n.elementor-widget-text-editor.elementor-drop-cap-view-stacked .elementor-drop-cap{background-color:#818a91;color:#fff}.elementor-widget-text-editor.elementor-drop-cap-view-framed .elementor-drop-cap{color:#818a91;border:3px solid;background-color:transparent}.elementor-widget-text-editor:not(.elementor-drop-cap-view-default) .elementor-drop-cap{margin-top:8px}.elementor-widget-text-editor:not(.elementor-drop-cap-view-default) .elementor-drop-cap-letter{width:1em;height:1em}.elementor-widget-text-editor .elementor-drop-cap{float:left;text-align:center;line-height:1;font-size:50px}.elementor-widget-text-editor .elementor-drop-cap-letter{display:inline-block}<\/style>\t\t\t\t<p>\u00bfQu\u00e9 es la Comisi\u00f3n de Protecci\u00f3n de Datos Personales?<\/p>\t\t\t\t\t\t<\/div>\n\t\t\t\t<\/div>\n\t\t\t\t\t<\/div>\n\t\t<\/div>\n\t\t\t\t<div class=\"elementor-column elementor-col-50 elementor-inner-column elementor-element elementor-element-1b1b36d elementor-hidden-mobile\" data-id=\"1b1b36d\" data-element_type=\"column\">\n\t\t\t<div class=\"elementor-widget-wrap elementor-element-populated\">\n\t\t\t\t\t\t\t\t<div class=\"elementor-element elementor-element-1877721 elementor-widget elementor-widget-spacer\" data-id=\"1877721\" data-element_type=\"widget\" data-widget_type=\"spacer.default\">\n\t\t\t\t<div class=\"elementor-widget-container\">\n\t\t\t\t\t<div class=\"elementor-spacer\">\n\t\t\t<div class=\"elementor-spacer-inner\"><\/div>\n\t\t<\/div>\n\t\t\t\t<\/div>\n\t\t\t\t<\/div>\n\t\t\t\t\t<\/div>\n\t\t<\/div>\n\t\t\t\t\t\t\t<\/div>\n\t\t<\/section>\n\t\t\t\t\t<\/div>\n\t\t<\/div>\n\t\t\t\t\t\t\t<\/div>\n\t\t<\/section>\n\t\t\t\t<section class=\"elementor-section elementor-top-section elementor-element elementor-element-87f6916 elementor-section-boxed elementor-section-height-default elementor-section-height-default\" data-id=\"87f6916\" data-element_type=\"section\">\n\t\t\t\t\t\t<div class=\"elementor-container elementor-column-gap-default\">\n\t\t\t\t\t<div class=\"elementor-column elementor-col-100 elementor-top-column elementor-element elementor-element-e5cb57d\" data-id=\"e5cb57d\" data-element_type=\"column\">\n\t\t\t<div class=\"elementor-widget-wrap elementor-element-populated\">\n\t\t\t\t\t\t\t\t<section class=\"elementor-section elementor-inner-section elementor-element elementor-element-3373518 elementor-section-boxed elementor-section-height-default elementor-section-height-default\" data-id=\"3373518\" data-element_type=\"section\">\n\t\t\t\t\t\t<div class=\"elementor-container elementor-column-gap-default\">\n\t\t\t\t\t<div class=\"elementor-column elementor-col-50 elementor-inner-column elementor-element elementor-element-b624d41 elementor-hidden-mobile\" data-id=\"b624d41\" data-element_type=\"column\">\n\t\t\t<div class=\"elementor-widget-wrap elementor-element-populated\">\n\t\t\t\t\t\t\t\t<div class=\"elementor-element elementor-element-b6f456a elementor-widget elementor-widget-spacer\" data-id=\"b6f456a\" data-element_type=\"widget\" data-widget_type=\"spacer.default\">\n\t\t\t\t<div class=\"elementor-widget-container\">\n\t\t\t\t\t<div class=\"elementor-spacer\">\n\t\t\t<div class=\"elementor-spacer-inner\"><\/div>\n\t\t<\/div>\n\t\t\t\t<\/div>\n\t\t\t\t<\/div>\n\t\t\t\t\t<\/div>\n\t\t<\/div>\n\t\t\t\t<div class=\"elementor-column elementor-col-50 elementor-inner-column elementor-element elementor-element-6a6d737\" data-id=\"6a6d737\" data-element_type=\"column\">\n\t\t\t<div class=\"elementor-widget-wrap elementor-element-populated\">\n\t\t\t\t\t\t\t\t<div class=\"elementor-element elementor-element-6e407ba elementor-widget elementor-widget-text-editor\" data-id=\"6e407ba\" data-element_type=\"widget\" data-widget_type=\"text-editor.default\">\n\t\t\t\t<div class=\"elementor-widget-container\">\n\t\t\t\t\t\t\t<p>Es una Instancia del Sistema Nacional del Sistema Nacional de Transparencia, Acceso a la Informaci\u00f3n P\u00fablica y Protecci\u00f3n de Datos Personales (SNT), regulada en el art\u00edculo 29 de los Lineamientos para la organizaci\u00f3n, coordinaci\u00f3n y funcionamiento de las instancias de los Integrantes del Sistema Nacional de Transparencia, Acceso a la Informaci\u00f3n P\u00fablica y Protecci\u00f3n de Datos Personales (en adelante Lineamientos de las instancias).<\/p><p>Entre las atribuciones que realiza la <strong>Comisi\u00f3n de Protecci\u00f3n de Datos Personales <\/strong>del SNT como instancia se encuentran:<\/p><ul><li>Realizar el an\u00e1lisis permanente de la legislaci\u00f3n federal y local en materia de datos personales;<\/li><li>Elaborar an\u00e1lisis focalizados de cada Entidad Federativa en materia de protecci\u00f3n de datos personales, para proveer de mayores elementos a los Organismos Garantes ante una reforma en su respectiva legislaci\u00f3n;<\/li><li>Proponer acciones para incrementar el conocimiento en materia del derecho a la protecci\u00f3n de datos personales, por parte de los integrantes del Sistema Nacional y los Sujetos Obligados; Lineamientos de las instancias.<\/li><li>Elaborar propuestas para homologar criterios en materia de protecci\u00f3n de datos personales en posesi\u00f3n de sujetos obligados, entre los integrantes del Sistema Nacional;<\/li><li>Proponer acciones conjuntas para difundir y promover el derecho a la protecci\u00f3n de datos personales, en coordinaci\u00f3n con la Comisi\u00f3n de Promoci\u00f3n y Difusi\u00f3n;<\/li><li>Proponer criterios para garantizar el cumplimiento de los principios de licitud, consentimiento, finalidad, calidad de los datos, veracidad, confidencialidad, seguridad, disponibilidad y temporalidad, proporcionalidad y responsabilidad en el recabado y manejo de datos personales por parte de los Sujetos Obligados;<\/li><li>Facilitar el intercambio de experiencias entre los integrantes del Sistema Nacional en materia del derecho a la protecci\u00f3n de datos personales;<\/li><li>Examinar y proponer la homologaci\u00f3n de criterios en materia de medidas de seguridad de car\u00e1cter administrativo, f\u00edsico y t\u00e9cnico que garanticen de forma efectiva la confidencialidad, integridad y disponibilidad de las bases de datos en los sujetos obligados, a fin de evitar el da\u00f1o, p\u00e9rdida, alteraci\u00f3n, destrucci\u00f3n o el uso, acceso o divulgaci\u00f3n no autorizado de los datos personales;<\/li><li>En coordinaci\u00f3n con la Comisi\u00f3n de Indicadores y Evaluaci\u00f3n de las Obligaciones de Transparencia y del Desempe\u00f1o del Sistema Nacional, evaluar el adecuado ejercicio de los derechos de acceso, rectificaci\u00f3n, cancelaci\u00f3n y oposici\u00f3n de la informaci\u00f3n personal de los particulares, y la correcta tutela de los responsables de las bases de datos, en posesi\u00f3n de los Sujetos Obligados;<\/li><li>Asesorar a los integrantes del Sistema Nacional cuando, en sus \u00e1mbitos de competencia, impulsen la adecuaci\u00f3n de las disposiciones en materia de protecci\u00f3n de datos personales, y<\/li><li>Coadyuvar en las actividades del Sistema Nacional relacionadas con la competencia que deriva de su denominaci\u00f3n y cumplimiento de la Ley.<\/li><\/ul>\t\t\t\t\t\t<\/div>\n\t\t\t\t<\/div>\n\t\t\t\t\t<\/div>\n\t\t<\/div>\n\t\t\t\t\t\t\t<\/div>\n\t\t<\/section>\n\t\t\t\t<div class=\"elementor-element elementor-element-9fa4f7f elementor-widget elementor-widget-spacer\" data-id=\"9fa4f7f\" data-element_type=\"widget\" data-widget_type=\"spacer.default\">\n\t\t\t\t<div class=\"elementor-widget-container\">\n\t\t\t\t\t<div class=\"elementor-spacer\">\n\t\t\t<div class=\"elementor-spacer-inner\"><\/div>\n\t\t<\/div>\n\t\t\t\t<\/div>\n\t\t\t\t<\/div>\n\t\t\t\t\t<\/div>\n\t\t<\/div>\n\t\t\t\t\t\t\t<\/div>\n\t\t<\/section>\n\t\t\t\t<section class=\"elementor-section elementor-top-section elementor-element elementor-element-ade2dfd elementor-section-height-min-height elementor-section-boxed elementor-section-height-default elementor-section-items-middle\" data-id=\"ade2dfd\" data-element_type=\"section\" data-settings=\"{&quot;background_background&quot;:&quot;classic&quot;}\">\n\t\t\t\t\t\t<div class=\"elementor-container elementor-column-gap-default\">\n\t\t\t\t\t<div class=\"elementor-column elementor-col-25 elementor-top-column elementor-element elementor-element-267fc90\" data-id=\"267fc90\" data-element_type=\"column\">\n\t\t\t<div class=\"elementor-widget-wrap elementor-element-populated\">\n\t\t\t\t\t\t\t\t<div class=\"elementor-element elementor-element-f14313f elementor-widget elementor-widget-image\" data-id=\"f14313f\" data-element_type=\"widget\" data-widget_type=\"image.default\">\n\t\t\t\t<div class=\"elementor-widget-container\">\n\t\t\t\t\t\t\t\t\t\t\t\t\t\t\t\t<a href=\"https:\/\/snt.transparencia.gob.mx\/cpdp\/?page_id=25\">\n\t\t\t\t\t\t\t<img width=\"646\" height=\"644\" src=\"https:\/\/snt.transparencia.gob.mx\/cpdp\/wp-content\/uploads\/2021\/11\/plan_trabajo_icon.png\" class=\"attachment-large size-large\" alt=\"\" loading=\"lazy\" srcset=\"https:\/\/snt.transparencia.gob.mx\/cpdp\/wp-content\/uploads\/2021\/11\/plan_trabajo_icon.png 646w, https:\/\/snt.transparencia.gob.mx\/cpdp\/wp-content\/uploads\/2021\/11\/plan_trabajo_icon-300x300.png 300w, https:\/\/snt.transparencia.gob.mx\/cpdp\/wp-content\/uploads\/2021\/11\/plan_trabajo_icon-150x150.png 150w\" sizes=\"(max-width: 646px) 100vw, 646px\" \/>\t\t\t\t\t\t\t\t<\/a>\n\t\t\t\t\t\t\t\t\t\t\t\t\t\t\t<\/div>\n\t\t\t\t<\/div>\n\t\t\t\t\t<\/div>\n\t\t<\/div>\n\t\t\t\t<div class=\"elementor-column elementor-col-25 elementor-top-column elementor-element elementor-element-57293d4\" data-id=\"57293d4\" data-element_type=\"column\">\n\t\t\t<div class=\"elementor-widget-wrap elementor-element-populated\">\n\t\t\t\t\t\t\t\t<div class=\"elementor-element elementor-element-78b114b elementor-widget elementor-widget-image\" data-id=\"78b114b\" data-element_type=\"widget\" data-widget_type=\"image.default\">\n\t\t\t\t<div class=\"elementor-widget-container\">\n\t\t\t\t\t\t\t\t\t\t\t\t\t\t\t\t<a href=\"https:\/\/snt.transparencia.gob.mx\/cpdp\/?page_id=27\">\n\t\t\t\t\t\t\t<img width=\"644\" height=\"644\" src=\"https:\/\/snt.transparencia.gob.mx\/cpdp\/wp-content\/uploads\/2021\/11\/plan_icon.png\" class=\"attachment-large size-large\" alt=\"\" loading=\"lazy\" srcset=\"https:\/\/snt.transparencia.gob.mx\/cpdp\/wp-content\/uploads\/2021\/11\/plan_icon.png 644w, https:\/\/snt.transparencia.gob.mx\/cpdp\/wp-content\/uploads\/2021\/11\/plan_icon-300x300.png 300w, https:\/\/snt.transparencia.gob.mx\/cpdp\/wp-content\/uploads\/2021\/11\/plan_icon-150x150.png 150w\" sizes=\"(max-width: 644px) 100vw, 644px\" \/>\t\t\t\t\t\t\t\t<\/a>\n\t\t\t\t\t\t\t\t\t\t\t\t\t\t\t<\/div>\n\t\t\t\t<\/div>\n\t\t\t\t\t<\/div>\n\t\t<\/div>\n\t\t\t\t<div class=\"elementor-column elementor-col-25 elementor-top-column elementor-element elementor-element-68954ed\" data-id=\"68954ed\" data-element_type=\"column\">\n\t\t\t<div class=\"elementor-widget-wrap elementor-element-populated\">\n\t\t\t\t\t\t\t\t<div class=\"elementor-element elementor-element-827875a elementor-widget elementor-widget-image\" data-id=\"827875a\" data-element_type=\"widget\" data-widget_type=\"image.default\">\n\t\t\t\t<div class=\"elementor-widget-container\">\n\t\t\t\t\t\t\t\t\t\t\t\t\t\t\t\t<a href=\"https:\/\/snt.transparencia.gob.mx\/cpdp\/?page_id=29\">\n\t\t\t\t\t\t\t<img width=\"644\" height=\"644\" src=\"https:\/\/snt.transparencia.gob.mx\/cpdp\/wp-content\/uploads\/2021\/11\/informes_icon.png\" class=\"attachment-large size-large\" alt=\"\" loading=\"lazy\" srcset=\"https:\/\/snt.transparencia.gob.mx\/cpdp\/wp-content\/uploads\/2021\/11\/informes_icon.png 644w, https:\/\/snt.transparencia.gob.mx\/cpdp\/wp-content\/uploads\/2021\/11\/informes_icon-300x300.png 300w, https:\/\/snt.transparencia.gob.mx\/cpdp\/wp-content\/uploads\/2021\/11\/informes_icon-150x150.png 150w\" sizes=\"(max-width: 644px) 100vw, 644px\" \/>\t\t\t\t\t\t\t\t<\/a>\n\t\t\t\t\t\t\t\t\t\t\t\t\t\t\t<\/div>\n\t\t\t\t<\/div>\n\t\t\t\t\t<\/div>\n\t\t<\/div>\n\t\t\t\t<div class=\"elementor-column elementor-col-25 elementor-top-column elementor-element elementor-element-ae227aa\" data-id=\"ae227aa\" data-element_type=\"column\">\n\t\t\t<div class=\"elementor-widget-wrap elementor-element-populated\">\n\t\t\t\t\t\t\t\t<div class=\"elementor-element elementor-element-3fcf5db elementor-widget elementor-widget-image\" data-id=\"3fcf5db\" data-element_type=\"widget\" data-widget_type=\"image.default\">\n\t\t\t\t<div class=\"elementor-widget-container\">\n\t\t\t\t\t\t\t\t\t\t\t\t\t\t\t\t<a href=\"https:\/\/snt.transparencia.gob.mx\/cpdp\/?page_id=31\">\n\t\t\t\t\t\t\t<img width=\"644\" height=\"644\" src=\"https:\/\/snt.transparencia.gob.mx\/cpdp\/wp-content\/uploads\/2021\/11\/eventos_icon.png\" class=\"attachment-large size-large\" alt=\"\" loading=\"lazy\" srcset=\"https:\/\/snt.transparencia.gob.mx\/cpdp\/wp-content\/uploads\/2021\/11\/eventos_icon.png 644w, https:\/\/snt.transparencia.gob.mx\/cpdp\/wp-content\/uploads\/2021\/11\/eventos_icon-300x300.png 300w, https:\/\/snt.transparencia.gob.mx\/cpdp\/wp-content\/uploads\/2021\/11\/eventos_icon-150x150.png 150w\" sizes=\"(max-width: 644px) 100vw, 644px\" \/>\t\t\t\t\t\t\t\t<\/a>\n\t\t\t\t\t\t\t\t\t\t\t\t\t\t\t<\/div>\n\t\t\t\t<\/div>\n\t\t\t\t\t<\/div>\n\t\t<\/div>\n\t\t\t\t\t\t\t<\/div>\n\t\t<\/section>\n\t\t\t\t\t\t\t<\/div>\n\t\t","protected":false},"excerpt":{"rendered":"<p>\u00bfQu\u00e9 es la Comisi\u00f3n de Protecci\u00f3n de Datos Personales? Es una Instancia del Sistema Nacional del Sistema Nacional de Transparencia, Acceso a la Informaci\u00f3n P\u00fablica y Protecci\u00f3n de Datos Personales (SNT), regulada en el art\u00edculo 29 de los Lineamientos para la organizaci\u00f3n, coordinaci\u00f3n y funcionamiento de las instancias de los Integrantes del Sistema Nacional de [&hellip;]<\/p>\n","protected":false},"author":1,"featured_media":0,"parent":0,"menu_order":1,"comment_status":"closed","ping_status":"closed","template":"","meta":[],"_links":{"self":[{"href":"https:\/\/snt.transparencia.gob.mx\/cpdp\/index.php?rest_route=\/wp\/v2\/pages\/9"}],"collection":[{"href":"https:\/\/snt.transparencia.gob.mx\/cpdp\/index.php?rest_route=\/wp\/v2\/pages"}],"about":[{"href":"https:\/\/snt.transparencia.gob.mx\/cpdp\/index.php?rest_route=\/wp\/v2\/types\/page"}],"author":[{"embeddable":true,"href":"https:\/\/snt.transparencia.gob.mx\/cpdp\/index.php?rest_route=\/wp\/v2\/users\/1"}],"replies":[{"embeddable":true,"href":"https:\/\/snt.transparencia.gob.mx\/cpdp\/index.php?rest_route=%2Fwp%2Fv2%2Fcomments&post=9"}],"version-history":[{"count":40,"href":"https:\/\/snt.transparencia.gob.mx\/cpdp\/index.php?rest_route=\/wp\/v2\/pages\/9\/revisions"}],"predecessor-version":[{"id":1830,"href":"https:\/\/snt.transparencia.gob.mx\/cpdp\/index.php?rest_route=\/wp\/v2\/pages\/9\/revisions\/1830"}],"wp:attachment":[{"href":"https:\/\/snt.transparencia.gob.mx\/cpdp\/index.php?rest_route=%2Fwp%2Fv2%2Fmedia&parent=9"}],"curies":[{"name":"wp","href":"https:\/\/api.w.org\/{rel}","templated":true}]}}