{"id":9,"date":"2021-10-26T20:12:22","date_gmt":"2021-10-26T20:12:22","guid":{"rendered":"https:\/\/snt.org.mx\/cjcr\/?page_id=9"},"modified":"2025-07-15T16:46:32","modified_gmt":"2025-07-15T16:46:32","slug":"inicio","status":"publish","type":"page","link":"https:\/\/snt.transparencia.gob.mx\/cjcr\/","title":{"rendered":"Inicio"},"content":{"rendered":"\t\t<div data-elementor-type=\"wp-page\" data-elementor-id=\"9\" class=\"elementor elementor-9\">\n\t\t\t\t\t\t\t\t\t<section class=\"elementor-section elementor-top-section elementor-element elementor-element-1215276 elementor-hidden-mobile elementor-section-boxed elementor-section-height-default elementor-section-height-default\" data-id=\"1215276\" data-element_type=\"section\">\n\t\t\t\t\t\t<div class=\"elementor-container elementor-column-gap-default\">\n\t\t\t\t\t<div class=\"elementor-column elementor-col-100 elementor-top-column elementor-element elementor-element-1edcd38\" data-id=\"1edcd38\" data-element_type=\"column\">\n\t\t\t<div class=\"elementor-widget-wrap elementor-element-populated\">\n\t\t\t\t\t\t\t\t<div class=\"elementor-element elementor-element-3b98835 elementor-widget elementor-widget-spacer\" data-id=\"3b98835\" data-element_type=\"widget\" data-widget_type=\"spacer.default\">\n\t\t\t\t<div class=\"elementor-widget-container\">\n\t\t\t<style>\/*! elementor - v3.6.1 - 23-03-2022 *\/\n.e-container.e-container--row .elementor-spacer-inner{width:var(--spacer-size)}.e-container.e-container--column .elementor-spacer-inner,.elementor-column .elementor-spacer-inner{height:var(--spacer-size)}<\/style>\t\t<div class=\"elementor-spacer\">\n\t\t\t<div class=\"elementor-spacer-inner\"><\/div>\n\t\t<\/div>\n\t\t\t\t<\/div>\n\t\t\t\t<\/div>\n\t\t\t\t\t<\/div>\n\t\t<\/div>\n\t\t\t\t\t\t\t<\/div>\n\t\t<\/section>\n\t\t\t\t<section class=\"elementor-section elementor-top-section elementor-element elementor-element-ec1db4b elementor-hidden-mobile elementor-section-boxed elementor-section-height-default elementor-section-height-default\" data-id=\"ec1db4b\" data-element_type=\"section\">\n\t\t\t\t\t\t<div class=\"elementor-container elementor-column-gap-default\">\n\t\t\t\t\t<div class=\"elementor-column elementor-col-100 elementor-top-column elementor-element elementor-element-2f4928a\" data-id=\"2f4928a\" data-element_type=\"column\">\n\t\t\t<div class=\"elementor-widget-wrap elementor-element-populated\">\n\t\t\t\t\t\t\t\t<section class=\"elementor-section elementor-inner-section elementor-element elementor-element-3f94f1f elementor-section-content-middle elementor-section-boxed elementor-section-height-default elementor-section-height-default\" data-id=\"3f94f1f\" data-element_type=\"section\">\n\t\t\t\t\t\t<div class=\"elementor-container elementor-column-gap-no\">\n\t\t\t\t\t<div class=\"elementor-column elementor-col-33 elementor-inner-column elementor-element elementor-element-3a8b227\" data-id=\"3a8b227\" data-element_type=\"column\">\n\t\t\t<div class=\"elementor-widget-wrap elementor-element-populated\">\n\t\t\t\t\t\t\t\t<div class=\"elementor-element elementor-element-32ecd95 elementor-widget elementor-widget-spacer\" data-id=\"32ecd95\" data-element_type=\"widget\" data-widget_type=\"spacer.default\">\n\t\t\t\t<div class=\"elementor-widget-container\">\n\t\t\t\t\t<div class=\"elementor-spacer\">\n\t\t\t<div class=\"elementor-spacer-inner\"><\/div>\n\t\t<\/div>\n\t\t\t\t<\/div>\n\t\t\t\t<\/div>\n\t\t\t\t\t<\/div>\n\t\t<\/div>\n\t\t\t\t<div class=\"elementor-column elementor-col-33 elementor-inner-column elementor-element elementor-element-b7854b0\" data-id=\"b7854b0\" data-element_type=\"column\">\n\t\t\t<div class=\"elementor-widget-wrap elementor-element-populated\">\n\t\t\t\t\t\t\t\t<div class=\"elementor-element elementor-element-54eef49 elementor-widget elementor-widget-image\" data-id=\"54eef49\" data-element_type=\"widget\" data-widget_type=\"image.default\">\n\t\t\t\t<div class=\"elementor-widget-container\">\n\t\t\t<style>\/*! elementor - v3.6.1 - 23-03-2022 *\/\n.elementor-widget-image{text-align:center}.elementor-widget-image a{display:inline-block}.elementor-widget-image a img[src$=\".svg\"]{width:48px}.elementor-widget-image img{vertical-align:middle;display:inline-block}<\/style>\t\t\t\t\t\t\t\t\t\t\t\t<img loading=\"lazy\" decoding=\"async\" width=\"134\" height=\"134\" src=\"https:\/\/snt.transparencia.gob.mx\/cjcr\/wp-content\/uploads\/2021\/11\/Grupo-6712@2x.png\" class=\"attachment-large size-large\" alt=\"\" \/>\t\t\t\t\t\t\t\t\t\t\t\t\t\t\t<\/div>\n\t\t\t\t<\/div>\n\t\t\t\t\t<\/div>\n\t\t<\/div>\n\t\t\t\t<div class=\"elementor-column elementor-col-33 elementor-inner-column elementor-element elementor-element-1ad087f\" data-id=\"1ad087f\" data-element_type=\"column\">\n\t\t\t<div class=\"elementor-widget-wrap elementor-element-populated\">\n\t\t\t\t\t\t\t\t<div class=\"elementor-element elementor-element-80fd868 elementor-widget elementor-widget-image\" data-id=\"80fd868\" data-element_type=\"widget\" data-widget_type=\"image.default\">\n\t\t\t\t<div class=\"elementor-widget-container\">\n\t\t\t\t\t\t\t\t\t\t\t\t\t\t\t\t<a href=\"https:\/\/twitter.com\/CResoluciones\" target=\"_blank\">\n\t\t\t\t\t\t\t<img loading=\"lazy\" decoding=\"async\" width=\"134\" height=\"134\" src=\"https:\/\/snt.transparencia.gob.mx\/cjcr\/wp-content\/uploads\/2021\/11\/Grupo-6710@2x.png\" class=\"attachment-large size-large\" alt=\"\" \/>\t\t\t\t\t\t\t\t<\/a>\n\t\t\t\t\t\t\t\t\t\t\t\t\t\t\t<\/div>\n\t\t\t\t<\/div>\n\t\t\t\t\t<\/div>\n\t\t<\/div>\n\t\t\t\t\t\t\t<\/div>\n\t\t<\/section>\n\t\t\t\t\t<\/div>\n\t\t<\/div>\n\t\t\t\t\t\t\t<\/div>\n\t\t<\/section>\n\t\t\t\t<section class=\"elementor-section elementor-top-section elementor-element elementor-element-76a34e8 elementor-section-full_width elementor-section-height-default elementor-section-height-default\" data-id=\"76a34e8\" data-element_type=\"section\">\n\t\t\t\t\t\t<div class=\"elementor-container elementor-column-gap-no\">\n\t\t\t\t\t<div class=\"elementor-column elementor-col-100 elementor-top-column elementor-element elementor-element-0d7d74f\" data-id=\"0d7d74f\" data-element_type=\"column\">\n\t\t\t<div class=\"elementor-widget-wrap elementor-element-populated\">\n\t\t\t\t\t\t\t\t<div class=\"elementor-element elementor-element-bbdb30c elementor-arrows-position-inside elementor-pagination-position-outside elementor-widget elementor-widget-image-carousel\" data-id=\"bbdb30c\" data-element_type=\"widget\" data-settings=\"{&quot;slides_to_show&quot;:&quot;1&quot;,&quot;navigation&quot;:&quot;both&quot;,&quot;autoplay&quot;:&quot;yes&quot;,&quot;pause_on_hover&quot;:&quot;yes&quot;,&quot;pause_on_interaction&quot;:&quot;yes&quot;,&quot;autoplay_speed&quot;:5000,&quot;infinite&quot;:&quot;yes&quot;,&quot;effect&quot;:&quot;slide&quot;,&quot;speed&quot;:500}\" data-widget_type=\"image-carousel.default\">\n\t\t\t\t<div class=\"elementor-widget-container\">\n\t\t\t<style>\/*! elementor - v3.6.1 - 23-03-2022 *\/\n.elementor-widget-image-carousel .swiper-container{position:static}.elementor-widget-image-carousel .swiper-container .swiper-slide figure{line-height:inherit}.elementor-widget-image-carousel .swiper-slide{text-align:center}.elementor-image-carousel-wrapper:not(.swiper-container-initialized) .swiper-slide{max-width:calc(100% \/ var(--e-image-carousel-slides-to-show, 3))}<\/style>\t\t<div class=\"elementor-image-carousel-wrapper swiper-container\" dir=\"ltr\">\n\t\t\t<div class=\"elementor-image-carousel swiper-wrapper swiper-image-stretch\">\n\t\t\t\t\t\t\t\t<div class=\"swiper-slide\"><figure class=\"swiper-slide-inner\"><img decoding=\"async\" class=\"swiper-slide-image\" src=\"https:\/\/snt.transparencia.gob.mx\/cjcr\/wp-content\/uploads\/CJCR-SNT-.png\" alt=\"CJCR SNT\" \/><\/figure><\/div>\t\t\t<\/div>\n\t\t\t\t\t<\/div>\n\t\t\t\t<\/div>\n\t\t\t\t<\/div>\n\t\t\t\t\t<\/div>\n\t\t<\/div>\n\t\t\t\t\t\t\t<\/div>\n\t\t<\/section>\n\t\t\t\t<section class=\"elementor-section elementor-top-section elementor-element elementor-element-829401b elementor-section-boxed elementor-section-height-default elementor-section-height-default\" data-id=\"829401b\" data-element_type=\"section\">\n\t\t\t\t\t\t<div class=\"elementor-container elementor-column-gap-default\">\n\t\t\t\t\t<div class=\"elementor-column elementor-col-100 elementor-top-column elementor-element elementor-element-539d852\" data-id=\"539d852\" data-element_type=\"column\">\n\t\t\t<div class=\"elementor-widget-wrap elementor-element-populated\">\n\t\t\t\t\t\t\t\t<section class=\"elementor-section elementor-inner-section elementor-element elementor-element-dac639a elementor-section-boxed elementor-section-height-default elementor-section-height-default\" data-id=\"dac639a\" data-element_type=\"section\">\n\t\t\t\t\t\t<div class=\"elementor-container elementor-column-gap-default\">\n\t\t\t\t\t<div class=\"elementor-column elementor-col-50 elementor-inner-column elementor-element elementor-element-098776e\" data-id=\"098776e\" data-element_type=\"column\">\n\t\t\t<div class=\"elementor-widget-wrap elementor-element-populated\">\n\t\t\t\t\t\t\t\t<div class=\"elementor-element elementor-element-84989ee elementor-widget elementor-widget-text-editor\" data-id=\"84989ee\" data-element_type=\"widget\" data-widget_type=\"text-editor.default\">\n\t\t\t\t<div class=\"elementor-widget-container\">\n\t\t\t<style>\/*! elementor - v3.6.1 - 23-03-2022 *\/\n.elementor-widget-text-editor.elementor-drop-cap-view-stacked .elementor-drop-cap{background-color:#818a91;color:#fff}.elementor-widget-text-editor.elementor-drop-cap-view-framed .elementor-drop-cap{color:#818a91;border:3px solid;background-color:transparent}.elementor-widget-text-editor:not(.elementor-drop-cap-view-default) .elementor-drop-cap{margin-top:8px}.elementor-widget-text-editor:not(.elementor-drop-cap-view-default) .elementor-drop-cap-letter{width:1em;height:1em}.elementor-widget-text-editor .elementor-drop-cap{float:left;text-align:center;line-height:1;font-size:50px}.elementor-widget-text-editor .elementor-drop-cap-letter{display:inline-block}<\/style>\t\t\t\t<p>\u00bfQu\u00e9 es la Comisi\u00f3n Jur\u00eddica, de Criterios y Resoluciones?<\/p>\t\t\t\t\t\t<\/div>\n\t\t\t\t<\/div>\n\t\t\t\t\t<\/div>\n\t\t<\/div>\n\t\t\t\t<div class=\"elementor-column elementor-col-50 elementor-inner-column elementor-element elementor-element-f613ea0 elementor-hidden-mobile\" data-id=\"f613ea0\" data-element_type=\"column\">\n\t\t\t<div class=\"elementor-widget-wrap elementor-element-populated\">\n\t\t\t\t\t\t\t\t<div class=\"elementor-element elementor-element-5b6eef1 elementor-widget elementor-widget-spacer\" data-id=\"5b6eef1\" data-element_type=\"widget\" data-widget_type=\"spacer.default\">\n\t\t\t\t<div class=\"elementor-widget-container\">\n\t\t\t\t\t<div class=\"elementor-spacer\">\n\t\t\t<div class=\"elementor-spacer-inner\"><\/div>\n\t\t<\/div>\n\t\t\t\t<\/div>\n\t\t\t\t<\/div>\n\t\t\t\t\t<\/div>\n\t\t<\/div>\n\t\t\t\t\t\t\t<\/div>\n\t\t<\/section>\n\t\t\t\t\t<\/div>\n\t\t<\/div>\n\t\t\t\t\t\t\t<\/div>\n\t\t<\/section>\n\t\t\t\t<section class=\"elementor-section elementor-top-section elementor-element elementor-element-e66ccc1 elementor-section-boxed elementor-section-height-default elementor-section-height-default\" data-id=\"e66ccc1\" data-element_type=\"section\">\n\t\t\t\t\t\t<div class=\"elementor-container elementor-column-gap-default\">\n\t\t\t\t\t<div class=\"elementor-column elementor-col-100 elementor-top-column elementor-element elementor-element-5c960cb\" data-id=\"5c960cb\" data-element_type=\"column\">\n\t\t\t<div class=\"elementor-widget-wrap elementor-element-populated\">\n\t\t\t\t\t\t\t\t<section class=\"elementor-section elementor-inner-section elementor-element elementor-element-cba8038 elementor-section-boxed elementor-section-height-default elementor-section-height-default\" data-id=\"cba8038\" data-element_type=\"section\">\n\t\t\t\t\t\t<div class=\"elementor-container elementor-column-gap-default\">\n\t\t\t\t\t<div class=\"elementor-column elementor-col-50 elementor-inner-column elementor-element elementor-element-caa74a6 elementor-hidden-mobile\" data-id=\"caa74a6\" data-element_type=\"column\">\n\t\t\t<div class=\"elementor-widget-wrap elementor-element-populated\">\n\t\t\t\t\t\t\t\t<div class=\"elementor-element elementor-element-d49dd7a elementor-widget elementor-widget-spacer\" data-id=\"d49dd7a\" data-element_type=\"widget\" data-widget_type=\"spacer.default\">\n\t\t\t\t<div class=\"elementor-widget-container\">\n\t\t\t\t\t<div class=\"elementor-spacer\">\n\t\t\t<div class=\"elementor-spacer-inner\"><\/div>\n\t\t<\/div>\n\t\t\t\t<\/div>\n\t\t\t\t<\/div>\n\t\t\t\t\t<\/div>\n\t\t<\/div>\n\t\t\t\t<div class=\"elementor-column elementor-col-50 elementor-inner-column elementor-element elementor-element-3bf1ea6\" data-id=\"3bf1ea6\" data-element_type=\"column\">\n\t\t\t<div class=\"elementor-widget-wrap elementor-element-populated\">\n\t\t\t\t\t\t\t\t<div class=\"elementor-element elementor-element-09298b5 elementor-widget elementor-widget-text-editor\" data-id=\"09298b5\" data-element_type=\"widget\" data-widget_type=\"text-editor.default\">\n\t\t\t\t<div class=\"elementor-widget-container\">\n\t\t\t\t\t\t\t<p>Es una Instancia del Sistema Nacional del Sistema Nacional de Transparencia, Acceso a la Informaci\u00f3n P\u00fablica y Protecci\u00f3n de Datos Personales (SNT), regulada en el art\u00edculo 28 de los Lineamientos para la organizaci\u00f3n, coordinaci\u00f3n y funcionamiento de las instancias de los Integrantes del Sistema Nacional de Transparencia, Acceso a la Informaci\u00f3n P\u00fablica y Protecci\u00f3n de Datos Personales (en adelante Lineamientos de las instancias).<\/p><p>Entre las atribuciones que realiza la <strong>Comisi\u00f3n Jur\u00eddica, de Criterios y Resoluciones<\/strong> del SNT como instancia se encuentran:<\/p><ul><li>Formular propuestas de disposiciones de car\u00e1cter general que tengan como objetivo el cumplimiento de la Ley y del Sistema Nacional Lineamientos de las instancias.<\/li><li>Realizar el an\u00e1lisis permanente de la legislaci\u00f3n general, federal y local en materia de transparencia y acceso a la informaci\u00f3n p\u00fablica y medidas anticorrupci\u00f3n;<\/li><li>Coadyuvar en el an\u00e1lisis permanente de la legislaci\u00f3n federal y local en las materias de protecci\u00f3n de datos personales y de archivos;<\/li><li>Elaborar las propuestas de normatividad tendente a regular las actividades del Sistema Nacional;<\/li><li>Analizar las disposiciones normativas emitidas por el Consejo Nacional, as\u00ed como elaborar y proponer modificaciones a las mismas;<\/li><li>Brindar asesor\u00eda en el orden jur\u00eddico a los integrantes del Sistema Nacional y desahogar las consultas que \u00e9stos le formulen;<\/li><li>Elaborar los estudios jur\u00eddicos que les sean encomendados sobre temas relacionados con las actividades del Sistema Nacional;<\/li><li>Dar seguimiento a los asuntos jurisdiccionales trascendentes para la transparencia y el acceso a la informaci\u00f3n p\u00fablica, adem\u00e1s de elaborar los dict\u00e1menes y an\u00e1lisis que le sean encomendados;<\/li><li>Proponer los lineamientos en materia de clasificaci\u00f3n de la informaci\u00f3n;<\/li><li>Analizar y difundir criterios de interpretaci\u00f3n en relaci\u00f3n con las materias de transparencia y el derecho de acceso a la informaci\u00f3n p\u00fablica;<\/li><li>Realizar an\u00e1lisis comparativos sobre los distintos criterios de interpretaci\u00f3n adoptados sobre un mismo tema;<\/li><li>Proponer en las Sesiones Regionales y de Trabajo criterios de resoluciones que permitan homogeneizar la interpretaci\u00f3n del derecho de acceso a la informaci\u00f3n y la protecci\u00f3n de datos personales;<\/li><li>Realizar el an\u00e1lisis permanente de los resolutivos de los Organismos Garantes en lo concerniente a la utilizaci\u00f3n de criterios de resoluciones;<\/li><li>Dar seguimiento al ejercicio de los resolutivos del Consejo Nacional en materia de criterios de resoluci\u00f3n, y<\/li><li>Coadyuvar en las actividades del Sistema Nacional relacionadas con la competencia que deriva de su denominaci\u00f3n y el cumplimiento de la Ley.<\/li><\/ul>\t\t\t\t\t\t<\/div>\n\t\t\t\t<\/div>\n\t\t\t\t\t<\/div>\n\t\t<\/div>\n\t\t\t\t\t\t\t<\/div>\n\t\t<\/section>\n\t\t\t\t\t<\/div>\n\t\t<\/div>\n\t\t\t\t\t\t\t<\/div>\n\t\t<\/section>\n\t\t\t\t<section class=\"elementor-section elementor-top-section elementor-element elementor-element-6d5919d elementor-section-height-min-height elementor-section-boxed elementor-section-height-default elementor-section-items-middle\" data-id=\"6d5919d\" data-element_type=\"section\" data-settings=\"{&quot;background_background&quot;:&quot;classic&quot;}\">\n\t\t\t\t\t\t<div class=\"elementor-container elementor-column-gap-default\">\n\t\t\t\t\t<div class=\"elementor-column elementor-col-25 elementor-top-column elementor-element elementor-element-6a8f310\" data-id=\"6a8f310\" data-element_type=\"column\">\n\t\t\t<div class=\"elementor-widget-wrap elementor-element-populated\">\n\t\t\t\t\t\t\t\t<div class=\"elementor-element elementor-element-1147b94 elementor-widget elementor-widget-image\" data-id=\"1147b94\" data-element_type=\"widget\" data-widget_type=\"image.default\">\n\t\t\t\t<div class=\"elementor-widget-container\">\n\t\t\t\t\t\t\t\t\t\t\t\t\t\t\t\t<a href=\"https:\/\/snt.transparencia.gob.mx\/cjcr\/?page_id=23\">\n\t\t\t\t\t\t\t<img loading=\"lazy\" decoding=\"async\" width=\"646\" height=\"644\" src=\"https:\/\/snt.transparencia.gob.mx\/cjcr\/wp-content\/uploads\/2021\/11\/plan_trabajo_icon.png\" class=\"attachment-large size-large\" alt=\"\" srcset=\"https:\/\/snt.transparencia.gob.mx\/cjcr\/wp-content\/uploads\/2021\/11\/plan_trabajo_icon.png 646w, https:\/\/snt.transparencia.gob.mx\/cjcr\/wp-content\/uploads\/2021\/11\/plan_trabajo_icon-300x300.png 300w, https:\/\/snt.transparencia.gob.mx\/cjcr\/wp-content\/uploads\/2021\/11\/plan_trabajo_icon-150x150.png 150w\" sizes=\"auto, (max-width: 646px) 100vw, 646px\" \/>\t\t\t\t\t\t\t\t<\/a>\n\t\t\t\t\t\t\t\t\t\t\t\t\t\t\t<\/div>\n\t\t\t\t<\/div>\n\t\t\t\t\t<\/div>\n\t\t<\/div>\n\t\t\t\t<div class=\"elementor-column elementor-col-25 elementor-top-column elementor-element elementor-element-48d22cd\" data-id=\"48d22cd\" data-element_type=\"column\">\n\t\t\t<div class=\"elementor-widget-wrap elementor-element-populated\">\n\t\t\t\t\t\t\t\t<div class=\"elementor-element elementor-element-8b69f81 elementor-widget elementor-widget-image\" data-id=\"8b69f81\" data-element_type=\"widget\" data-widget_type=\"image.default\">\n\t\t\t\t<div class=\"elementor-widget-container\">\n\t\t\t\t\t\t\t\t\t\t\t\t\t\t\t\t<a href=\"https:\/\/snt.transparencia.gob.mx\/cjcr\/?page_id=25\">\n\t\t\t\t\t\t\t<img loading=\"lazy\" decoding=\"async\" width=\"644\" height=\"644\" src=\"https:\/\/snt.transparencia.gob.mx\/cjcr\/wp-content\/uploads\/2021\/11\/plan_icon.png\" class=\"attachment-large size-large\" alt=\"\" srcset=\"https:\/\/snt.transparencia.gob.mx\/cjcr\/wp-content\/uploads\/2021\/11\/plan_icon.png 644w, https:\/\/snt.transparencia.gob.mx\/cjcr\/wp-content\/uploads\/2021\/11\/plan_icon-300x300.png 300w, https:\/\/snt.transparencia.gob.mx\/cjcr\/wp-content\/uploads\/2021\/11\/plan_icon-150x150.png 150w\" sizes=\"auto, (max-width: 644px) 100vw, 644px\" \/>\t\t\t\t\t\t\t\t<\/a>\n\t\t\t\t\t\t\t\t\t\t\t\t\t\t\t<\/div>\n\t\t\t\t<\/div>\n\t\t\t\t\t<\/div>\n\t\t<\/div>\n\t\t\t\t<div class=\"elementor-column elementor-col-25 elementor-top-column elementor-element elementor-element-d4e4d46\" data-id=\"d4e4d46\" data-element_type=\"column\">\n\t\t\t<div class=\"elementor-widget-wrap elementor-element-populated\">\n\t\t\t\t\t\t\t\t<div class=\"elementor-element elementor-element-f333366 elementor-widget elementor-widget-image\" data-id=\"f333366\" data-element_type=\"widget\" data-widget_type=\"image.default\">\n\t\t\t\t<div class=\"elementor-widget-container\">\n\t\t\t\t\t\t\t\t\t\t\t\t\t\t\t\t<a href=\"https:\/\/snt.transparencia.gob.mx\/cjcr\/?page_id=27\">\n\t\t\t\t\t\t\t<img loading=\"lazy\" decoding=\"async\" width=\"644\" height=\"644\" src=\"https:\/\/snt.transparencia.gob.mx\/cjcr\/wp-content\/uploads\/2021\/11\/informes_icon.png\" class=\"attachment-large size-large\" alt=\"\" srcset=\"https:\/\/snt.transparencia.gob.mx\/cjcr\/wp-content\/uploads\/2021\/11\/informes_icon.png 644w, https:\/\/snt.transparencia.gob.mx\/cjcr\/wp-content\/uploads\/2021\/11\/informes_icon-300x300.png 300w, https:\/\/snt.transparencia.gob.mx\/cjcr\/wp-content\/uploads\/2021\/11\/informes_icon-150x150.png 150w\" sizes=\"auto, (max-width: 644px) 100vw, 644px\" \/>\t\t\t\t\t\t\t\t<\/a>\n\t\t\t\t\t\t\t\t\t\t\t\t\t\t\t<\/div>\n\t\t\t\t<\/div>\n\t\t\t\t\t<\/div>\n\t\t<\/div>\n\t\t\t\t<div class=\"elementor-column elementor-col-25 elementor-top-column elementor-element elementor-element-4d0fe11\" data-id=\"4d0fe11\" data-element_type=\"column\">\n\t\t\t<div class=\"elementor-widget-wrap elementor-element-populated\">\n\t\t\t\t\t\t\t\t<div class=\"elementor-element elementor-element-a17f1f3 elementor-widget elementor-widget-image\" data-id=\"a17f1f3\" data-element_type=\"widget\" data-widget_type=\"image.default\">\n\t\t\t\t<div class=\"elementor-widget-container\">\n\t\t\t\t\t\t\t\t\t\t\t\t\t\t\t\t<a href=\"https:\/\/snt.transparencia.gob.mx\/cjcr\/?page_id=29\">\n\t\t\t\t\t\t\t<img loading=\"lazy\" decoding=\"async\" width=\"644\" height=\"644\" src=\"https:\/\/snt.transparencia.gob.mx\/cjcr\/wp-content\/uploads\/2021\/11\/eventos_icon.png\" class=\"attachment-large size-large\" alt=\"\" srcset=\"https:\/\/snt.transparencia.gob.mx\/cjcr\/wp-content\/uploads\/2021\/11\/eventos_icon.png 644w, https:\/\/snt.transparencia.gob.mx\/cjcr\/wp-content\/uploads\/2021\/11\/eventos_icon-300x300.png 300w, https:\/\/snt.transparencia.gob.mx\/cjcr\/wp-content\/uploads\/2021\/11\/eventos_icon-150x150.png 150w\" sizes=\"auto, (max-width: 644px) 100vw, 644px\" \/>\t\t\t\t\t\t\t\t<\/a>\n\t\t\t\t\t\t\t\t\t\t\t\t\t\t\t<\/div>\n\t\t\t\t<\/div>\n\t\t\t\t\t<\/div>\n\t\t<\/div>\n\t\t\t\t\t\t\t<\/div>\n\t\t<\/section>\n\t\t\t\t\t\t\t<\/div>\n\t\t","protected":false},"excerpt":{"rendered":"<p>\u00bfQu\u00e9 es la Comisi\u00f3n Jur\u00eddica, de Criterios y Resoluciones? Es una Instancia del Sistema Nacional del Sistema Nacional de Transparencia, Acceso a la Informaci\u00f3n P\u00fablica y Protecci\u00f3n de Datos Personales (SNT), regulada en el art\u00edculo 28 de los Lineamientos para la organizaci\u00f3n, coordinaci\u00f3n y funcionamiento de las instancias de los Integrantes del Sistema Nacional de [&hellip;]<\/p>\n","protected":false},"author":1,"featured_media":0,"parent":0,"menu_order":1,"comment_status":"closed","ping_status":"closed","template":"","meta":{"footnotes":""},"class_list":["post-9","page","type-page","status-publish","hentry"],"_links":{"self":[{"href":"https:\/\/snt.transparencia.gob.mx\/cjcr\/index.php?rest_route=\/wp\/v2\/pages\/9","targetHints":{"allow":["GET"]}}],"collection":[{"href":"https:\/\/snt.transparencia.gob.mx\/cjcr\/index.php?rest_route=\/wp\/v2\/pages"}],"about":[{"href":"https:\/\/snt.transparencia.gob.mx\/cjcr\/index.php?rest_route=\/wp\/v2\/types\/page"}],"author":[{"embeddable":true,"href":"https:\/\/snt.transparencia.gob.mx\/cjcr\/index.php?rest_route=\/wp\/v2\/users\/1"}],"replies":[{"embeddable":true,"href":"https:\/\/snt.transparencia.gob.mx\/cjcr\/index.php?rest_route=%2Fwp%2Fv2%2Fcomments&post=9"}],"version-history":[{"count":37,"href":"https:\/\/snt.transparencia.gob.mx\/cjcr\/index.php?rest_route=\/wp\/v2\/pages\/9\/revisions"}],"predecessor-version":[{"id":1526,"href":"https:\/\/snt.transparencia.gob.mx\/cjcr\/index.php?rest_route=\/wp\/v2\/pages\/9\/revisions\/1526"}],"wp:attachment":[{"href":"https:\/\/snt.transparencia.gob.mx\/cjcr\/index.php?rest_route=%2Fwp%2Fv2%2Fmedia&parent=9"}],"curies":[{"name":"wp","href":"https:\/\/api.w.org\/{rel}","templated":true}]}}