{"id":9,"date":"2021-09-03T17:02:36","date_gmt":"2021-09-03T17:02:36","guid":{"rendered":"https:\/\/snt.org.mx\/cgatp\/?page_id=9"},"modified":"2025-07-15T16:46:21","modified_gmt":"2025-07-15T16:46:21","slug":"inicio","status":"publish","type":"page","link":"https:\/\/snt.transparencia.gob.mx\/cgatp\/","title":{"rendered":"Inicio"},"content":{"rendered":"\t\t<div data-elementor-type=\"wp-page\" data-elementor-id=\"9\" class=\"elementor elementor-9\">\n\t\t\t\t\t\t<section class=\"elementor-section elementor-top-section elementor-element elementor-element-d750360 elementor-section-boxed elementor-section-height-default elementor-section-height-default\" data-id=\"d750360\" data-element_type=\"section\">\n\t\t\t\t\t\t<div class=\"elementor-container elementor-column-gap-default\">\n\t\t\t\t\t<div class=\"elementor-column elementor-col-100 elementor-top-column elementor-element elementor-element-91e9dec elementor-hidden-mobile\" data-id=\"91e9dec\" data-element_type=\"column\">\n\t\t\t<div class=\"elementor-widget-wrap elementor-element-populated\">\n\t\t\t\t\t\t<div class=\"elementor-element elementor-element-eb04b7d elementor-widget elementor-widget-spacer\" data-id=\"eb04b7d\" data-element_type=\"widget\" data-widget_type=\"spacer.default\">\n\t\t\t\t<div class=\"elementor-widget-container\">\n\t\t\t\t\t\t\t<div class=\"elementor-spacer\">\n\t\t\t<div class=\"elementor-spacer-inner\"><\/div>\n\t\t<\/div>\n\t\t\t\t\t\t<\/div>\n\t\t\t\t<\/div>\n\t\t\t\t\t<\/div>\n\t\t<\/div>\n\t\t\t\t\t<\/div>\n\t\t<\/section>\n\t\t\t\t<section class=\"elementor-section elementor-top-section elementor-element elementor-element-19f5ce9 elementor-section-boxed elementor-section-height-default elementor-section-height-default\" data-id=\"19f5ce9\" data-element_type=\"section\">\n\t\t\t\t\t\t<div class=\"elementor-container elementor-column-gap-default\">\n\t\t\t\t\t<div class=\"elementor-column elementor-col-100 elementor-top-column elementor-element elementor-element-cce92b2 elementor-hidden-mobile\" data-id=\"cce92b2\" data-element_type=\"column\">\n\t\t\t<div class=\"elementor-widget-wrap elementor-element-populated\">\n\t\t\t\t\t\t<section class=\"elementor-section elementor-inner-section elementor-element elementor-element-501a650 elementor-section-content-middle elementor-section-boxed elementor-section-height-default elementor-section-height-default\" data-id=\"501a650\" data-element_type=\"section\">\n\t\t\t\t\t\t<div class=\"elementor-container elementor-column-gap-no\">\n\t\t\t\t\t<div class=\"elementor-column elementor-col-33 elementor-inner-column elementor-element elementor-element-aa159bb\" data-id=\"aa159bb\" data-element_type=\"column\">\n\t\t\t<div class=\"elementor-widget-wrap elementor-element-populated\">\n\t\t\t\t\t\t<div class=\"elementor-element elementor-element-e6f1dc0 elementor-widget elementor-widget-spacer\" data-id=\"e6f1dc0\" data-element_type=\"widget\" data-widget_type=\"spacer.default\">\n\t\t\t\t<div class=\"elementor-widget-container\">\n\t\t\t\t\t\t\t<div class=\"elementor-spacer\">\n\t\t\t<div class=\"elementor-spacer-inner\"><\/div>\n\t\t<\/div>\n\t\t\t\t\t\t<\/div>\n\t\t\t\t<\/div>\n\t\t\t\t\t<\/div>\n\t\t<\/div>\n\t\t\t\t<div class=\"elementor-column elementor-col-33 elementor-inner-column elementor-element elementor-element-98277bd\" data-id=\"98277bd\" data-element_type=\"column\">\n\t\t\t<div class=\"elementor-widget-wrap elementor-element-populated\">\n\t\t\t\t\t\t<div class=\"elementor-element elementor-element-f580bbf elementor-widget elementor-widget-image\" data-id=\"f580bbf\" data-element_type=\"widget\" data-widget_type=\"image.default\">\n\t\t\t\t<div class=\"elementor-widget-container\">\n\t\t\t\t\t\t\t\t\t\t\t\t\t\t\t\t<a href=\"https:\/\/www.facebook.com\/gobabiertomx\/\" target=\"_blank\">\n\t\t\t\t\t\t\t<img decoding=\"async\" width=\"134\" height=\"134\" src=\"https:\/\/snt.transparencia.gob.mx\/cgatp\/wp-content\/uploads\/2021\/09\/Grupo-6712@2x.png\" class=\"attachment-large size-large wp-image-114\" alt=\"\" \/>\t\t\t\t\t\t\t\t<\/a>\n\t\t\t\t\t\t\t\t\t\t\t\t\t\t\t<\/div>\n\t\t\t\t<\/div>\n\t\t\t\t\t<\/div>\n\t\t<\/div>\n\t\t\t\t<div class=\"elementor-column elementor-col-33 elementor-inner-column elementor-element elementor-element-00c0c55\" data-id=\"00c0c55\" data-element_type=\"column\">\n\t\t\t<div class=\"elementor-widget-wrap elementor-element-populated\">\n\t\t\t\t\t\t<div class=\"elementor-element elementor-element-7601318 elementor-widget elementor-widget-image\" data-id=\"7601318\" data-element_type=\"widget\" data-widget_type=\"image.default\">\n\t\t\t\t<div class=\"elementor-widget-container\">\n\t\t\t\t\t\t\t\t\t\t\t\t\t\t\t\t<a href=\"https:\/\/twitter.com\/sntgobabierto?lang=es\" target=\"_blank\">\n\t\t\t\t\t\t\t<img decoding=\"async\" width=\"134\" height=\"134\" src=\"https:\/\/snt.transparencia.gob.mx\/cgatp\/wp-content\/uploads\/2021\/09\/Grupo-6710@2x.png\" class=\"attachment-large size-large wp-image-115\" alt=\"\" \/>\t\t\t\t\t\t\t\t<\/a>\n\t\t\t\t\t\t\t\t\t\t\t\t\t\t\t<\/div>\n\t\t\t\t<\/div>\n\t\t\t\t\t<\/div>\n\t\t<\/div>\n\t\t\t\t\t<\/div>\n\t\t<\/section>\n\t\t\t\t\t<\/div>\n\t\t<\/div>\n\t\t\t\t\t<\/div>\n\t\t<\/section>\n\t\t\t\t<section class=\"elementor-section elementor-top-section elementor-element elementor-element-045600a elementor-section-full_width elementor-section-height-default elementor-section-height-default\" data-id=\"045600a\" data-element_type=\"section\">\n\t\t\t\t\t\t<div class=\"elementor-container elementor-column-gap-no\">\n\t\t\t\t\t<div class=\"elementor-column elementor-col-100 elementor-top-column elementor-element elementor-element-0ba1e3f\" data-id=\"0ba1e3f\" data-element_type=\"column\">\n\t\t\t<div class=\"elementor-widget-wrap elementor-element-populated\">\n\t\t\t\t\t\t<div class=\"elementor-element elementor-element-5e2da1c elementor-arrows-position-inside elementor-pagination-position-outside elementor-widget elementor-widget-image-carousel\" data-id=\"5e2da1c\" data-element_type=\"widget\" data-settings=\"{&quot;slides_to_show&quot;:&quot;1&quot;,&quot;navigation&quot;:&quot;both&quot;,&quot;autoplay&quot;:&quot;yes&quot;,&quot;pause_on_hover&quot;:&quot;yes&quot;,&quot;pause_on_interaction&quot;:&quot;yes&quot;,&quot;autoplay_speed&quot;:5000,&quot;infinite&quot;:&quot;yes&quot;,&quot;effect&quot;:&quot;slide&quot;,&quot;speed&quot;:500}\" data-widget_type=\"image-carousel.default\">\n\t\t\t\t<div class=\"elementor-widget-container\">\n\t\t\t\t\t\t\t<div class=\"elementor-image-carousel-wrapper swiper\" role=\"region\" aria-roledescription=\"carousel\" aria-label=\"Carrusel de im\u00e1genes\" dir=\"ltr\">\n\t\t\t<div class=\"elementor-image-carousel swiper-wrapper swiper-image-stretch\" aria-live=\"off\">\n\t\t\t\t\t\t\t\t<div class=\"swiper-slide\" role=\"group\" aria-roledescription=\"slide\" aria-label=\"1 de 1\"><figure class=\"swiper-slide-inner\"><img decoding=\"async\" class=\"swiper-slide-image\" src=\"https:\/\/snt.transparencia.gob.mx\/cgatp\/wp-content\/uploads\/CEA-SNT.png\" alt=\"CEA SNT\" \/><\/figure><\/div>\t\t\t<\/div>\n\t\t\t\t\t<\/div>\n\t\t\t\t\t\t<\/div>\n\t\t\t\t<\/div>\n\t\t\t\t\t<\/div>\n\t\t<\/div>\n\t\t\t\t\t<\/div>\n\t\t<\/section>\n\t\t\t\t<section class=\"elementor-section elementor-top-section elementor-element elementor-element-f415ca5 elementor-section-boxed elementor-section-height-default elementor-section-height-default\" data-id=\"f415ca5\" data-element_type=\"section\">\n\t\t\t\t\t\t<div class=\"elementor-container elementor-column-gap-default\">\n\t\t\t\t\t<div class=\"elementor-column elementor-col-100 elementor-top-column elementor-element elementor-element-9b26904\" data-id=\"9b26904\" data-element_type=\"column\">\n\t\t\t<div class=\"elementor-widget-wrap elementor-element-populated\">\n\t\t\t\t\t\t<section class=\"elementor-section elementor-inner-section elementor-element elementor-element-1e22833 elementor-section-boxed elementor-section-height-default elementor-section-height-default\" data-id=\"1e22833\" data-element_type=\"section\">\n\t\t\t\t\t\t<div class=\"elementor-container elementor-column-gap-default\">\n\t\t\t\t\t<div class=\"elementor-column elementor-col-50 elementor-inner-column elementor-element elementor-element-121b5b5\" data-id=\"121b5b5\" data-element_type=\"column\">\n\t\t\t<div class=\"elementor-widget-wrap elementor-element-populated\">\n\t\t\t\t\t\t<div class=\"elementor-element elementor-element-c749193 elementor-widget elementor-widget-text-editor\" data-id=\"c749193\" data-element_type=\"widget\" data-widget_type=\"text-editor.default\">\n\t\t\t\t<div class=\"elementor-widget-container\">\n\t\t\t\t\t\t\t\t\t<p>\u00bfQu\u00e9 es la Comisi\u00f3n de Estado Abierto y de Transparencia Proactiva del SNT?<\/p>\t\t\t\t\t\t\t\t<\/div>\n\t\t\t\t<\/div>\n\t\t\t\t\t<\/div>\n\t\t<\/div>\n\t\t\t\t<div class=\"elementor-column elementor-col-50 elementor-inner-column elementor-element elementor-element-f7db42c elementor-hidden-mobile\" data-id=\"f7db42c\" data-element_type=\"column\">\n\t\t\t<div class=\"elementor-widget-wrap elementor-element-populated\">\n\t\t\t\t\t\t<div class=\"elementor-element elementor-element-798ec33 elementor-widget elementor-widget-spacer\" data-id=\"798ec33\" data-element_type=\"widget\" data-widget_type=\"spacer.default\">\n\t\t\t\t<div class=\"elementor-widget-container\">\n\t\t\t\t\t\t\t<div class=\"elementor-spacer\">\n\t\t\t<div class=\"elementor-spacer-inner\"><\/div>\n\t\t<\/div>\n\t\t\t\t\t\t<\/div>\n\t\t\t\t<\/div>\n\t\t\t\t\t<\/div>\n\t\t<\/div>\n\t\t\t\t\t<\/div>\n\t\t<\/section>\n\t\t\t\t\t<\/div>\n\t\t<\/div>\n\t\t\t\t\t<\/div>\n\t\t<\/section>\n\t\t\t\t<section class=\"elementor-section elementor-top-section elementor-element elementor-element-6bb3073 elementor-section-boxed elementor-section-height-default elementor-section-height-default\" data-id=\"6bb3073\" data-element_type=\"section\">\n\t\t\t\t\t\t<div class=\"elementor-container elementor-column-gap-default\">\n\t\t\t\t\t<div class=\"elementor-column elementor-col-100 elementor-top-column elementor-element elementor-element-e8e5e44\" data-id=\"e8e5e44\" data-element_type=\"column\">\n\t\t\t<div class=\"elementor-widget-wrap elementor-element-populated\">\n\t\t\t\t\t\t<section class=\"elementor-section elementor-inner-section elementor-element elementor-element-41f83ae elementor-section-boxed elementor-section-height-default elementor-section-height-default\" data-id=\"41f83ae\" data-element_type=\"section\">\n\t\t\t\t\t\t<div class=\"elementor-container elementor-column-gap-default\">\n\t\t\t\t\t<div class=\"elementor-column elementor-col-50 elementor-inner-column elementor-element elementor-element-ae88f06 elementor-hidden-mobile\" data-id=\"ae88f06\" data-element_type=\"column\">\n\t\t\t<div class=\"elementor-widget-wrap elementor-element-populated\">\n\t\t\t\t\t\t<div class=\"elementor-element elementor-element-e30f9a6 elementor-widget elementor-widget-spacer\" data-id=\"e30f9a6\" data-element_type=\"widget\" data-widget_type=\"spacer.default\">\n\t\t\t\t<div class=\"elementor-widget-container\">\n\t\t\t\t\t\t\t<div class=\"elementor-spacer\">\n\t\t\t<div class=\"elementor-spacer-inner\"><\/div>\n\t\t<\/div>\n\t\t\t\t\t\t<\/div>\n\t\t\t\t<\/div>\n\t\t\t\t\t<\/div>\n\t\t<\/div>\n\t\t\t\t<div class=\"elementor-column elementor-col-50 elementor-inner-column elementor-element elementor-element-f6b3783\" data-id=\"f6b3783\" data-element_type=\"column\">\n\t\t\t<div class=\"elementor-widget-wrap elementor-element-populated\">\n\t\t\t\t\t\t<div class=\"elementor-element elementor-element-7774c89 elementor-widget elementor-widget-text-editor\" data-id=\"7774c89\" data-element_type=\"widget\" data-widget_type=\"text-editor.default\">\n\t\t\t\t<div class=\"elementor-widget-container\">\n\t\t\t\t\t\t\t\t\t<p><span style=\"font-weight: 400;\">Las comisiones ordinarias permanentes del SNT se constituyen para contar con equipos de trabajo que contribuyen a que el Sistema cumpla con sus atribuciones legales.&nbsp;<\/span><\/p>\n<p><span style=\"font-weight: 400;\">Esta labor de apoyo se realiza mediante la elaboraci\u00f3n de acuerdos, dict\u00e1menes, informes, opiniones o resoluciones, sobre las materias de sus competencias.<\/span><\/p>\n<p><span style=\"font-weight: 400;\">En las comisiones, las personas integrantes del SNT se coordinan, colaboran, dialogan, discuten, deliberan, analizan y proponen iniciativas en los temas de su competencia. Las comisiones pueden tambi\u00e9n realizar consultas y ordenar estudios.<\/span><\/p>\n<p><span style=\"font-weight: 400;\">La Comisi\u00f3n de Estado Abierto y de Transparencia Proactiva es responsable de impulsar ambos temas desde el SNT. Para ese prop\u00f3sito, la Comisi\u00f3n realiza las siguientes acciones:&nbsp;<\/span><\/p>\n<p><span style=\"font-weight: 400;\">En materia de apertura:&nbsp;<\/span><\/p>\n<ul>\n<li style=\"font-weight: 400;\" aria-level=\"1\"><span style=\"font-weight: 400;\">Propone acciones y pol\u00edticas sobre apertura institucional.<\/span><\/li>\n<li style=\"font-weight: 400;\" aria-level=\"1\"><span style=\"font-weight: 400;\">Conforma una red de conocimiento al establecer canales institucionales con otros actores y con los distintos \u00f3rdenes de gobierno y poderes p\u00fablicos.<\/span><\/li>\n<li style=\"font-weight: 400;\" aria-level=\"1\"><span style=\"font-weight: 400;\">Propone actividades, investigaciones, pol\u00edticas p\u00fablicas, evaluaci\u00f3n especializada, desarrollo de plataformas tecnol\u00f3gicas, proyectos tem\u00e1ticos y sectoriales, as\u00ed como material de comunicaci\u00f3n y difusi\u00f3n sobre apertura, entre las entidades federativas (en su caso, mediante convenios entre los organismos garantes de cada entidad).&nbsp;<\/span><\/li>\n<li style=\"font-weight: 400;\" aria-level=\"1\"><span style=\"font-weight: 400;\">Fomenta la creaci\u00f3n de valor p\u00fablico al promover el uso de datos abiertos y formatos reutilizables.<\/span><\/li>\n<li style=\"font-weight: 400;\" aria-level=\"1\"><span style=\"font-weight: 400;\">Fomenta la participaci\u00f3n en el grupo de trabajo de la Alianza para el Gobierno Abierto en M\u00e9xico.<\/span><\/li>\n<\/ul>\n<p><span style=\"font-weight: 400;\"><br><\/span><\/p><p><span style=\"font-weight: 400;\">En lo relativo a transparencia proactiva:<\/span><\/p>\n<ul>\n<li style=\"font-weight: 400;\" aria-level=\"1\"><span style=\"font-weight: 400;\">Propone e impulsa pol\u00edticas de transparencia proactiva, con accesibilidad.<\/span><\/li>\n<li style=\"font-weight: 400;\" aria-level=\"1\"><span style=\"font-weight: 400;\">Propone lineamientos para incentivar a los sujetos obligados a publicar informaci\u00f3n adicional a la que se establece en la Ley.<\/span><\/li>\n<li style=\"font-weight: 400;\" aria-level=\"1\"><span style=\"font-weight: 400;\">Propone criterios para evaluar la efectividad de la pol\u00edtica de transparencia proactiva, a partir de la reutilizaci\u00f3n de la informaci\u00f3n por parte de la sociedad.<\/span><\/li>\n<\/ul>\n<p><span style=\"font-weight: 400;\"><br><\/span><\/p><p><span style=\"font-weight: 400;\">En ambas materias:<\/span><\/p>\n<ul>\n<li style=\"font-weight: 400;\" aria-level=\"1\"><span style=\"font-weight: 400;\">Promueve el intercambio de experiencias e identificaci\u00f3n de las mejores pr\u00e1cticas sobre los temas de participaci\u00f3n ciudadana y rendici\u00f3n de cuentas.<\/span><\/li>\n<\/ul>\n<p><span style=\"font-weight: 400;\"><br><\/span><\/p><p><span style=\"font-weight: 400;\">Colaborar con la Comisi\u00f3n de Tecnolog\u00edas de la Informaci\u00f3n y Plataforma Nacional de Transparencia promover la transparencia, participaci\u00f3n ciudadana e innovaci\u00f3n c\u00edvica basadas en tecnolog\u00edas.<\/span><\/p>\n<p><span style=\"font-weight: 400;\">Impulsar la transparencia, la rendici\u00f3n de cuentas y la participaci\u00f3n ciudadana desde el SNT, con el aprovechamiento de las tecnolog\u00edas.<\/span><\/p>\t\t\t\t\t\t\t\t<\/div>\n\t\t\t\t<\/div>\n\t\t\t\t\t<\/div>\n\t\t<\/div>\n\t\t\t\t\t<\/div>\n\t\t<\/section>\n\t\t\t\t\t<\/div>\n\t\t<\/div>\n\t\t\t\t\t<\/div>\n\t\t<\/section>\n\t\t\t\t<section class=\"elementor-section elementor-top-section elementor-element elementor-element-980831a elementor-section-height-min-height elementor-section-boxed elementor-section-height-default elementor-section-items-middle\" data-id=\"980831a\" data-element_type=\"section\" data-settings=\"{&quot;background_background&quot;:&quot;classic&quot;}\">\n\t\t\t\t\t\t<div class=\"elementor-container elementor-column-gap-default\">\n\t\t\t\t\t<div class=\"elementor-column elementor-col-25 elementor-top-column elementor-element elementor-element-e617b51\" data-id=\"e617b51\" data-element_type=\"column\">\n\t\t\t<div class=\"elementor-widget-wrap elementor-element-populated\">\n\t\t\t\t\t\t<div class=\"elementor-element elementor-element-eabcbbf elementor-widget elementor-widget-image\" data-id=\"eabcbbf\" data-element_type=\"widget\" data-widget_type=\"image.default\">\n\t\t\t\t<div class=\"elementor-widget-container\">\n\t\t\t\t\t\t\t\t\t\t\t\t\t\t\t\t<a href=\"https:\/\/snt.transparencia.gob.mx\/cgatp\/?page_id=55\">\n\t\t\t\t\t\t\t<img fetchpriority=\"high\" decoding=\"async\" width=\"646\" height=\"644\" src=\"https:\/\/snt.transparencia.gob.mx\/cgatp\/wp-content\/uploads\/2021\/09\/plan_trabajo_icon.png\" class=\"attachment-large size-large wp-image-821\" alt=\"\" srcset=\"https:\/\/snt.transparencia.gob.mx\/cgatp\/wp-content\/uploads\/2021\/09\/plan_trabajo_icon.png 646w, https:\/\/snt.transparencia.gob.mx\/cgatp\/wp-content\/uploads\/2021\/09\/plan_trabajo_icon-300x300.png 300w, https:\/\/snt.transparencia.gob.mx\/cgatp\/wp-content\/uploads\/2021\/09\/plan_trabajo_icon-150x150.png 150w\" sizes=\"(max-width: 646px) 100vw, 646px\" \/>\t\t\t\t\t\t\t\t<\/a>\n\t\t\t\t\t\t\t\t\t\t\t\t\t\t\t<\/div>\n\t\t\t\t<\/div>\n\t\t\t\t\t<\/div>\n\t\t<\/div>\n\t\t\t\t<div class=\"elementor-column elementor-col-25 elementor-top-column elementor-element elementor-element-c5f098c\" data-id=\"c5f098c\" data-element_type=\"column\">\n\t\t\t<div class=\"elementor-widget-wrap elementor-element-populated\">\n\t\t\t\t\t\t<div class=\"elementor-element elementor-element-78106a6 elementor-widget elementor-widget-image\" data-id=\"78106a6\" data-element_type=\"widget\" data-widget_type=\"image.default\">\n\t\t\t\t<div class=\"elementor-widget-container\">\n\t\t\t\t\t\t\t\t\t\t\t\t\t\t\t\t<a href=\"https:\/\/snt.transparencia.gob.mx\/cgatp\/?page_id=57\">\n\t\t\t\t\t\t\t<img loading=\"lazy\" decoding=\"async\" width=\"644\" height=\"644\" src=\"https:\/\/snt.transparencia.gob.mx\/cgatp\/wp-content\/uploads\/2021\/09\/plan_icon.png\" class=\"attachment-large size-large wp-image-822\" alt=\"\" srcset=\"https:\/\/snt.transparencia.gob.mx\/cgatp\/wp-content\/uploads\/2021\/09\/plan_icon.png 644w, https:\/\/snt.transparencia.gob.mx\/cgatp\/wp-content\/uploads\/2021\/09\/plan_icon-300x300.png 300w, https:\/\/snt.transparencia.gob.mx\/cgatp\/wp-content\/uploads\/2021\/09\/plan_icon-150x150.png 150w\" sizes=\"(max-width: 644px) 100vw, 644px\" \/>\t\t\t\t\t\t\t\t<\/a>\n\t\t\t\t\t\t\t\t\t\t\t\t\t\t\t<\/div>\n\t\t\t\t<\/div>\n\t\t\t\t\t<\/div>\n\t\t<\/div>\n\t\t\t\t<div class=\"elementor-column elementor-col-25 elementor-top-column elementor-element elementor-element-4de987b\" data-id=\"4de987b\" data-element_type=\"column\">\n\t\t\t<div class=\"elementor-widget-wrap elementor-element-populated\">\n\t\t\t\t\t\t<div class=\"elementor-element elementor-element-5385c6e elementor-widget elementor-widget-image\" data-id=\"5385c6e\" data-element_type=\"widget\" data-widget_type=\"image.default\">\n\t\t\t\t<div class=\"elementor-widget-container\">\n\t\t\t\t\t\t\t\t\t\t\t\t\t\t\t\t<a href=\"https:\/\/snt.transparencia.gob.mx\/cgatp\/?page_id=59\">\n\t\t\t\t\t\t\t<img loading=\"lazy\" decoding=\"async\" width=\"644\" height=\"644\" src=\"https:\/\/snt.transparencia.gob.mx\/cgatp\/wp-content\/uploads\/2021\/09\/informes_icon.png\" class=\"attachment-large size-large wp-image-823\" alt=\"\" srcset=\"https:\/\/snt.transparencia.gob.mx\/cgatp\/wp-content\/uploads\/2021\/09\/informes_icon.png 644w, https:\/\/snt.transparencia.gob.mx\/cgatp\/wp-content\/uploads\/2021\/09\/informes_icon-300x300.png 300w, https:\/\/snt.transparencia.gob.mx\/cgatp\/wp-content\/uploads\/2021\/09\/informes_icon-150x150.png 150w\" sizes=\"(max-width: 644px) 100vw, 644px\" \/>\t\t\t\t\t\t\t\t<\/a>\n\t\t\t\t\t\t\t\t\t\t\t\t\t\t\t<\/div>\n\t\t\t\t<\/div>\n\t\t\t\t\t<\/div>\n\t\t<\/div>\n\t\t\t\t<div class=\"elementor-column elementor-col-25 elementor-top-column elementor-element elementor-element-fdbd3d4\" data-id=\"fdbd3d4\" data-element_type=\"column\">\n\t\t\t<div class=\"elementor-widget-wrap elementor-element-populated\">\n\t\t\t\t\t\t<div class=\"elementor-element elementor-element-9d81e23 elementor-widget elementor-widget-image\" data-id=\"9d81e23\" data-element_type=\"widget\" data-widget_type=\"image.default\">\n\t\t\t\t<div class=\"elementor-widget-container\">\n\t\t\t\t\t\t\t\t\t\t\t\t\t\t\t\t<a href=\"https:\/\/snt.transparencia.gob.mx\/cgatp\/?page_id=61\">\n\t\t\t\t\t\t\t<img loading=\"lazy\" decoding=\"async\" width=\"644\" height=\"644\" src=\"https:\/\/snt.transparencia.gob.mx\/cgatp\/wp-content\/uploads\/2021\/09\/eventos_icon.png\" class=\"attachment-large size-large wp-image-824\" alt=\"\" srcset=\"https:\/\/snt.transparencia.gob.mx\/cgatp\/wp-content\/uploads\/2021\/09\/eventos_icon.png 644w, https:\/\/snt.transparencia.gob.mx\/cgatp\/wp-content\/uploads\/2021\/09\/eventos_icon-300x300.png 300w, https:\/\/snt.transparencia.gob.mx\/cgatp\/wp-content\/uploads\/2021\/09\/eventos_icon-150x150.png 150w\" sizes=\"(max-width: 644px) 100vw, 644px\" \/>\t\t\t\t\t\t\t\t<\/a>\n\t\t\t\t\t\t\t\t\t\t\t\t\t\t\t<\/div>\n\t\t\t\t<\/div>\n\t\t\t\t\t<\/div>\n\t\t<\/div>\n\t\t\t\t\t<\/div>\n\t\t<\/section>\n\t\t\t\t<\/div>\n\t\t","protected":false},"excerpt":{"rendered":"<p>\u00bfQu\u00e9 es la Comisi\u00f3n de Estado Abierto y de Transparencia Proactiva del SNT? Las comisiones ordinarias permanentes del SNT se constituyen para contar con equipos de trabajo que contribuyen a que el Sistema cumpla con sus atribuciones legales.&nbsp; Esta labor de apoyo se realiza mediante la elaboraci\u00f3n de acuerdos, dict\u00e1menes, informes, opiniones o resoluciones, sobre [&hellip;]<\/p>\n","protected":false},"author":1,"featured_media":0,"parent":0,"menu_order":1,"comment_status":"closed","ping_status":"closed","template":"","meta":{"footnotes":""},"ppma_author":[8],"class_list":["post-9","page","type-page","status-publish","hentry"],"_links":{"self":[{"href":"https:\/\/snt.transparencia.gob.mx\/cgatp\/index.php?rest_route=\/wp\/v2\/pages\/9","targetHints":{"allow":["GET"]}}],"collection":[{"href":"https:\/\/snt.transparencia.gob.mx\/cgatp\/index.php?rest_route=\/wp\/v2\/pages"}],"about":[{"href":"https:\/\/snt.transparencia.gob.mx\/cgatp\/index.php?rest_route=\/wp\/v2\/types\/page"}],"author":[{"embeddable":true,"href":"https:\/\/snt.transparencia.gob.mx\/cgatp\/index.php?rest_route=\/wp\/v2\/users\/1"}],"replies":[{"embeddable":true,"href":"https:\/\/snt.transparencia.gob.mx\/cgatp\/index.php?rest_route=%2Fwp%2Fv2%2Fcomments&post=9"}],"version-history":[{"count":113,"href":"https:\/\/snt.transparencia.gob.mx\/cgatp\/index.php?rest_route=\/wp\/v2\/pages\/9\/revisions"}],"predecessor-version":[{"id":3249,"href":"https:\/\/snt.transparencia.gob.mx\/cgatp\/index.php?rest_route=\/wp\/v2\/pages\/9\/revisions\/3249"}],"wp:attachment":[{"href":"https:\/\/snt.transparencia.gob.mx\/cgatp\/index.php?rest_route=%2Fwp%2Fv2%2Fmedia&parent=9"}],"wp:term":[{"taxonomy":"author","embeddable":true,"href":"https:\/\/snt.transparencia.gob.mx\/cgatp\/index.php?rest_route=%2Fwp%2Fv2%2Fppma_author&post=9"}],"curies":[{"name":"wp","href":"https:\/\/api.w.org\/{rel}","templated":true}]}}