{"id":9,"date":"2021-10-26T19:59:05","date_gmt":"2021-10-26T19:59:05","guid":{"rendered":"https:\/\/snt.org.mx\/cdhegis\/?page_id=9"},"modified":"2025-07-15T16:46:14","modified_gmt":"2025-07-15T16:46:14","slug":"inicio","status":"publish","type":"page","link":"https:\/\/snt.transparencia.gob.mx\/cdhegis\/","title":{"rendered":"Inicio"},"content":{"rendered":"\t\t<div data-elementor-type=\"wp-page\" data-elementor-id=\"9\" class=\"elementor elementor-9\">\n\t\t\t\t\t\t<section class=\"elementor-section elementor-top-section elementor-element elementor-element-29fba3b elementor-hidden-mobile elementor-section-boxed elementor-section-height-default elementor-section-height-default\" data-id=\"29fba3b\" data-element_type=\"section\">\n\t\t\t\t\t\t<div class=\"elementor-container elementor-column-gap-default\">\n\t\t\t\t\t<div class=\"elementor-column elementor-col-100 elementor-top-column elementor-element elementor-element-6f1f5a7\" data-id=\"6f1f5a7\" data-element_type=\"column\">\n\t\t\t<div class=\"elementor-widget-wrap elementor-element-populated\">\n\t\t\t\t\t\t<div class=\"elementor-element elementor-element-e05f505 elementor-widget elementor-widget-spacer\" data-id=\"e05f505\" data-element_type=\"widget\" data-widget_type=\"spacer.default\">\n\t\t\t\t<div class=\"elementor-widget-container\">\n\t\t\t\t\t\t\t<div class=\"elementor-spacer\">\n\t\t\t<div class=\"elementor-spacer-inner\"><\/div>\n\t\t<\/div>\n\t\t\t\t\t\t<\/div>\n\t\t\t\t<\/div>\n\t\t\t\t\t<\/div>\n\t\t<\/div>\n\t\t\t\t\t<\/div>\n\t\t<\/section>\n\t\t\t\t<section class=\"elementor-section elementor-top-section elementor-element elementor-element-5eabfac elementor-hidden-mobile elementor-section-boxed elementor-section-height-default elementor-section-height-default\" data-id=\"5eabfac\" data-element_type=\"section\">\n\t\t\t\t\t\t<div class=\"elementor-container elementor-column-gap-default\">\n\t\t\t\t\t<div class=\"elementor-column elementor-col-100 elementor-top-column elementor-element elementor-element-47b7162\" data-id=\"47b7162\" data-element_type=\"column\">\n\t\t\t<div class=\"elementor-widget-wrap elementor-element-populated\">\n\t\t\t\t\t\t<section class=\"elementor-section elementor-inner-section elementor-element elementor-element-5065497 elementor-section-content-middle elementor-section-boxed elementor-section-height-default elementor-section-height-default\" data-id=\"5065497\" data-element_type=\"section\">\n\t\t\t\t\t\t<div class=\"elementor-container elementor-column-gap-no\">\n\t\t\t\t\t<div class=\"elementor-column elementor-col-33 elementor-inner-column elementor-element elementor-element-912c7dd\" data-id=\"912c7dd\" data-element_type=\"column\">\n\t\t\t<div class=\"elementor-widget-wrap elementor-element-populated\">\n\t\t\t\t\t\t<div class=\"elementor-element elementor-element-fe11ccb elementor-widget elementor-widget-spacer\" data-id=\"fe11ccb\" data-element_type=\"widget\" data-widget_type=\"spacer.default\">\n\t\t\t\t<div class=\"elementor-widget-container\">\n\t\t\t\t\t\t\t<div class=\"elementor-spacer\">\n\t\t\t<div class=\"elementor-spacer-inner\"><\/div>\n\t\t<\/div>\n\t\t\t\t\t\t<\/div>\n\t\t\t\t<\/div>\n\t\t\t\t\t<\/div>\n\t\t<\/div>\n\t\t\t\t<div class=\"elementor-column elementor-col-33 elementor-inner-column elementor-element elementor-element-7969103\" data-id=\"7969103\" data-element_type=\"column\">\n\t\t\t<div class=\"elementor-widget-wrap elementor-element-populated\">\n\t\t\t\t\t\t<div class=\"elementor-element elementor-element-6730117 elementor-widget elementor-widget-image\" data-id=\"6730117\" data-element_type=\"widget\" data-widget_type=\"image.default\">\n\t\t\t\t<div class=\"elementor-widget-container\">\n\t\t\t\t\t\t\t\t\t\t\t\t\t\t\t<img decoding=\"async\" width=\"134\" height=\"134\" src=\"https:\/\/snt.transparencia.gob.mx\/cdhegis\/wp-content\/uploads\/2021\/11\/Grupo-6712@2x.png\" class=\"attachment-large size-large wp-image-199\" alt=\"\" \/>\t\t\t\t\t\t\t\t\t\t\t\t\t\t\t<\/div>\n\t\t\t\t<\/div>\n\t\t\t\t\t<\/div>\n\t\t<\/div>\n\t\t\t\t<div class=\"elementor-column elementor-col-33 elementor-inner-column elementor-element elementor-element-0d1e9dd\" data-id=\"0d1e9dd\" data-element_type=\"column\">\n\t\t\t<div class=\"elementor-widget-wrap elementor-element-populated\">\n\t\t\t\t\t\t<div class=\"elementor-element elementor-element-e406487 elementor-widget elementor-widget-image\" data-id=\"e406487\" data-element_type=\"widget\" data-widget_type=\"image.default\">\n\t\t\t\t<div class=\"elementor-widget-container\">\n\t\t\t\t\t\t\t\t\t\t\t\t\t\t\t\t<a href=\"https:\/\/twitter.com\/cdhegis\" target=\"_blank\">\n\t\t\t\t\t\t\t<img decoding=\"async\" width=\"134\" height=\"134\" src=\"https:\/\/snt.transparencia.gob.mx\/cdhegis\/wp-content\/uploads\/2021\/11\/Grupo-6710@2x.png\" class=\"attachment-large size-large wp-image-198\" alt=\"\" \/>\t\t\t\t\t\t\t\t<\/a>\n\t\t\t\t\t\t\t\t\t\t\t\t\t\t\t<\/div>\n\t\t\t\t<\/div>\n\t\t\t\t\t<\/div>\n\t\t<\/div>\n\t\t\t\t\t<\/div>\n\t\t<\/section>\n\t\t\t\t\t<\/div>\n\t\t<\/div>\n\t\t\t\t\t<\/div>\n\t\t<\/section>\n\t\t\t\t<section class=\"elementor-section elementor-top-section elementor-element elementor-element-22ac52e elementor-section-full_width elementor-section-height-default elementor-section-height-default\" data-id=\"22ac52e\" data-element_type=\"section\">\n\t\t\t\t\t\t<div class=\"elementor-container elementor-column-gap-no\">\n\t\t\t\t\t<div class=\"elementor-column elementor-col-100 elementor-top-column elementor-element elementor-element-9345b9f\" data-id=\"9345b9f\" data-element_type=\"column\">\n\t\t\t<div class=\"elementor-widget-wrap elementor-element-populated\">\n\t\t\t\t\t\t<div class=\"elementor-element elementor-element-bb8d4f1 elementor-arrows-position-inside elementor-pagination-position-outside elementor-widget elementor-widget-image-carousel\" data-id=\"bb8d4f1\" data-element_type=\"widget\" data-settings=\"{&quot;slides_to_show&quot;:&quot;1&quot;,&quot;navigation&quot;:&quot;both&quot;,&quot;autoplay&quot;:&quot;yes&quot;,&quot;pause_on_hover&quot;:&quot;yes&quot;,&quot;pause_on_interaction&quot;:&quot;yes&quot;,&quot;autoplay_speed&quot;:5000,&quot;infinite&quot;:&quot;yes&quot;,&quot;effect&quot;:&quot;slide&quot;,&quot;speed&quot;:500}\" data-widget_type=\"image-carousel.default\">\n\t\t\t\t<div class=\"elementor-widget-container\">\n\t\t\t\t\t\t\t<div class=\"elementor-image-carousel-wrapper swiper\" role=\"region\" aria-roledescription=\"carousel\" aria-label=\"Carrusel de Im\u00e1genes\" dir=\"ltr\">\n\t\t\t<div class=\"elementor-image-carousel swiper-wrapper swiper-image-stretch\" aria-live=\"off\">\n\t\t\t\t\t\t\t\t<div class=\"swiper-slide\" role=\"group\" aria-roledescription=\"slide\" aria-label=\"1 de 1\"><figure class=\"swiper-slide-inner\"><img decoding=\"async\" class=\"swiper-slide-image\" src=\"https:\/\/snt.transparencia.gob.mx\/cdhegis\/wp-content\/uploads\/CDHEGIS-SNT.png\" alt=\"CDHEGIS SNT\" \/><\/figure><\/div>\t\t\t<\/div>\n\t\t\t\t\t<\/div>\n\t\t\t\t\t\t<\/div>\n\t\t\t\t<\/div>\n\t\t\t\t\t<\/div>\n\t\t<\/div>\n\t\t\t\t\t<\/div>\n\t\t<\/section>\n\t\t\t\t<section class=\"elementor-section elementor-top-section elementor-element elementor-element-b1c5922 elementor-section-boxed elementor-section-height-default elementor-section-height-default\" data-id=\"b1c5922\" data-element_type=\"section\">\n\t\t\t\t\t\t<div class=\"elementor-container elementor-column-gap-default\">\n\t\t\t\t\t<div class=\"elementor-column elementor-col-100 elementor-top-column elementor-element elementor-element-33568f6\" data-id=\"33568f6\" data-element_type=\"column\">\n\t\t\t<div class=\"elementor-widget-wrap elementor-element-populated\">\n\t\t\t\t\t\t<section class=\"elementor-section elementor-inner-section elementor-element elementor-element-91e09d7 elementor-section-boxed elementor-section-height-default elementor-section-height-default\" data-id=\"91e09d7\" data-element_type=\"section\">\n\t\t\t\t\t\t<div class=\"elementor-container elementor-column-gap-default\">\n\t\t\t\t\t<div class=\"elementor-column elementor-col-50 elementor-inner-column elementor-element elementor-element-1117e62\" data-id=\"1117e62\" data-element_type=\"column\">\n\t\t\t<div class=\"elementor-widget-wrap elementor-element-populated\">\n\t\t\t\t\t\t<div class=\"elementor-element elementor-element-897d355 elementor-widget elementor-widget-text-editor\" data-id=\"897d355\" data-element_type=\"widget\" data-widget_type=\"text-editor.default\">\n\t\t\t\t<div class=\"elementor-widget-container\">\n\t\t\t\t\t\t\t\t\t<p>\u00bfQu\u00e9 es la Comisi\u00f3n de Derechos Humanos, Equidad de G\u00e9nero e Inclusi\u00f3n Social?<\/p>\t\t\t\t\t\t\t\t<\/div>\n\t\t\t\t<\/div>\n\t\t\t\t\t<\/div>\n\t\t<\/div>\n\t\t\t\t<div class=\"elementor-column elementor-col-50 elementor-inner-column elementor-element elementor-element-92ff7e3 elementor-hidden-mobile\" data-id=\"92ff7e3\" data-element_type=\"column\">\n\t\t\t<div class=\"elementor-widget-wrap elementor-element-populated\">\n\t\t\t\t\t\t<div class=\"elementor-element elementor-element-3a69ac8 elementor-widget elementor-widget-spacer\" data-id=\"3a69ac8\" data-element_type=\"widget\" data-widget_type=\"spacer.default\">\n\t\t\t\t<div class=\"elementor-widget-container\">\n\t\t\t\t\t\t\t<div class=\"elementor-spacer\">\n\t\t\t<div class=\"elementor-spacer-inner\"><\/div>\n\t\t<\/div>\n\t\t\t\t\t\t<\/div>\n\t\t\t\t<\/div>\n\t\t\t\t\t<\/div>\n\t\t<\/div>\n\t\t\t\t\t<\/div>\n\t\t<\/section>\n\t\t\t\t\t<\/div>\n\t\t<\/div>\n\t\t\t\t\t<\/div>\n\t\t<\/section>\n\t\t\t\t<section class=\"elementor-section elementor-top-section elementor-element elementor-element-9812692 elementor-section-boxed elementor-section-height-default elementor-section-height-default\" data-id=\"9812692\" data-element_type=\"section\">\n\t\t\t\t\t\t<div class=\"elementor-container elementor-column-gap-default\">\n\t\t\t\t\t<div class=\"elementor-column elementor-col-100 elementor-top-column elementor-element elementor-element-33d77f0\" data-id=\"33d77f0\" data-element_type=\"column\">\n\t\t\t<div class=\"elementor-widget-wrap elementor-element-populated\">\n\t\t\t\t\t\t<section class=\"elementor-section elementor-inner-section elementor-element elementor-element-96d2b56 elementor-section-boxed elementor-section-height-default elementor-section-height-default\" data-id=\"96d2b56\" data-element_type=\"section\">\n\t\t\t\t\t\t<div class=\"elementor-container elementor-column-gap-default\">\n\t\t\t\t\t<div class=\"elementor-column elementor-col-50 elementor-inner-column elementor-element elementor-element-ea46ba4 elementor-hidden-mobile\" data-id=\"ea46ba4\" data-element_type=\"column\">\n\t\t\t<div class=\"elementor-widget-wrap elementor-element-populated\">\n\t\t\t\t\t\t<div class=\"elementor-element elementor-element-95ba105 elementor-widget elementor-widget-spacer\" data-id=\"95ba105\" data-element_type=\"widget\" data-widget_type=\"spacer.default\">\n\t\t\t\t<div class=\"elementor-widget-container\">\n\t\t\t\t\t\t\t<div class=\"elementor-spacer\">\n\t\t\t<div class=\"elementor-spacer-inner\"><\/div>\n\t\t<\/div>\n\t\t\t\t\t\t<\/div>\n\t\t\t\t<\/div>\n\t\t\t\t\t<\/div>\n\t\t<\/div>\n\t\t\t\t<div class=\"elementor-column elementor-col-50 elementor-inner-column elementor-element elementor-element-897733e\" data-id=\"897733e\" data-element_type=\"column\">\n\t\t\t<div class=\"elementor-widget-wrap elementor-element-populated\">\n\t\t\t\t\t\t<div class=\"elementor-element elementor-element-1424b59 elementor-widget elementor-widget-text-editor\" data-id=\"1424b59\" data-element_type=\"widget\" data-widget_type=\"text-editor.default\">\n\t\t\t\t<div class=\"elementor-widget-container\">\n\t\t\t\t\t\t\t\t\t<p>Es una Instancia del Sistema Nacional del Sistema Nacional de Transparencia, Acceso a la Informaci\u00f3n P\u00fablica y Protecci\u00f3n de Datos Personales (SNT), regulada en el art\u00edculo 37 de los Lineamientos para la organizaci\u00f3n, coordinaci\u00f3n y funcionamiento de las instancias de los Integrantes del Sistema Nacional de Transparencia, Acceso a la Informaci\u00f3n P\u00fablica y Protecci\u00f3n de Datos Personales (en adelante Lineamientos de las instancias).<\/p><p>Entre las atribuciones que realiza la <strong>Comisi\u00f3n de<\/strong> <strong>Derechos Humanos, Equidad de G\u00e9nero e Inclusi\u00f3n Social <\/strong>del SNT como instancia se encuentran:<\/p><ul><li>Proponer lineamientos y estrategias para la implementaci\u00f3n de acciones que garanticen condiciones de accesibilidad para que los grupos vulnerables puedan ejercer, en igualdad de condiciones, el derecho de acceso a la informaci\u00f3n y la protecci\u00f3n de datos personales;<\/li><li>Dise\u00f1ar pol\u00edticas de promoci\u00f3n de los derechos de acceso a la informaci\u00f3n y de protecci\u00f3n de datos personales como derechos transversales o instrumentales que facilitan el ejercicio de otros derechos humanos;<\/li><li>Promover acciones que fomenten el ejercicio del derecho de acceso a la informaci\u00f3n y la protecci\u00f3n de datos personales, con una perspectiva incluyente en el Sistema Nacional;<\/li><li>Impulsar, entre los integrantes del Sistema Nacional y la sociedad en general, el manejo de un lenguaje incluyente donde se visibilice a las personas sin im\u00e1genes estereotipadas;<\/li><li>Proponer criterios para que los sujetos obligados elaboren estad\u00edsticas con cifras desagregadas para concretar bancos de datos que permitan la identificaci\u00f3n de los beneficios del uso de estos derechos entre grupos vulnerables, as\u00ed como entre hombres y mujeres;<\/li><li>Dise\u00f1ar y participar en cursos, talleres, encuentros, congresos, seminarios y otras acciones a fin de promover la transparencia, el acceso a la informaci\u00f3n y la protecci\u00f3n de datos personales con perspectiva de g\u00e9nero y de inclusi\u00f3n social;<\/li><li>Promover la suscripci\u00f3n de convenios de colaboraci\u00f3n con organismos gubernamentales, privados y organizaciones sociales que desarrollen pol\u00edticas, programas y acciones en materia de derechos humanos, igualdad y g\u00e9nero, y<\/li><li>Coadyuvar en las actividades del Sistema Nacional relacionadas con la competencia que deriva de su denominaci\u00f3n y el cumplimiento de la Ley.<\/li><\/ul>\t\t\t\t\t\t\t\t<\/div>\n\t\t\t\t<\/div>\n\t\t\t\t\t<\/div>\n\t\t<\/div>\n\t\t\t\t\t<\/div>\n\t\t<\/section>\n\t\t\t\t<div class=\"elementor-element elementor-element-ed5df8d elementor-widget elementor-widget-spacer\" data-id=\"ed5df8d\" data-element_type=\"widget\" data-widget_type=\"spacer.default\">\n\t\t\t\t<div class=\"elementor-widget-container\">\n\t\t\t\t\t\t\t<div class=\"elementor-spacer\">\n\t\t\t<div class=\"elementor-spacer-inner\"><\/div>\n\t\t<\/div>\n\t\t\t\t\t\t<\/div>\n\t\t\t\t<\/div>\n\t\t\t\t\t<\/div>\n\t\t<\/div>\n\t\t\t\t\t<\/div>\n\t\t<\/section>\n\t\t\t\t<section class=\"elementor-section elementor-top-section elementor-element elementor-element-74e116b elementor-section-height-min-height elementor-section-boxed elementor-section-height-default elementor-section-items-middle\" data-id=\"74e116b\" data-element_type=\"section\" data-settings=\"{&quot;background_background&quot;:&quot;classic&quot;}\">\n\t\t\t\t\t\t<div class=\"elementor-container elementor-column-gap-default\">\n\t\t\t\t\t<div class=\"elementor-column elementor-col-25 elementor-top-column elementor-element elementor-element-d85f9f9\" data-id=\"d85f9f9\" data-element_type=\"column\">\n\t\t\t<div class=\"elementor-widget-wrap elementor-element-populated\">\n\t\t\t\t\t\t<div class=\"elementor-element elementor-element-0cc6d1c elementor-widget elementor-widget-image\" data-id=\"0cc6d1c\" data-element_type=\"widget\" data-widget_type=\"image.default\">\n\t\t\t\t<div class=\"elementor-widget-container\">\n\t\t\t\t\t\t\t\t\t\t\t\t\t\t\t\t<a href=\"https:\/\/snt.transparencia.gob.mx\/cdhegis\/?page_id=23\">\n\t\t\t\t\t\t\t<img fetchpriority=\"high\" decoding=\"async\" width=\"646\" height=\"644\" src=\"https:\/\/snt.transparencia.gob.mx\/cdhegis\/wp-content\/uploads\/2021\/11\/plan_trabajo_icon.png\" class=\"attachment-large size-large wp-image-195\" alt=\"\" srcset=\"https:\/\/snt.transparencia.gob.mx\/cdhegis\/wp-content\/uploads\/2021\/11\/plan_trabajo_icon.png 646w, https:\/\/snt.transparencia.gob.mx\/cdhegis\/wp-content\/uploads\/2021\/11\/plan_trabajo_icon-300x300.png 300w, https:\/\/snt.transparencia.gob.mx\/cdhegis\/wp-content\/uploads\/2021\/11\/plan_trabajo_icon-150x150.png 150w\" sizes=\"(max-width: 646px) 100vw, 646px\" \/>\t\t\t\t\t\t\t\t<\/a>\n\t\t\t\t\t\t\t\t\t\t\t\t\t\t\t<\/div>\n\t\t\t\t<\/div>\n\t\t\t\t\t<\/div>\n\t\t<\/div>\n\t\t\t\t<div class=\"elementor-column elementor-col-25 elementor-top-column elementor-element elementor-element-5d3a1f0\" data-id=\"5d3a1f0\" data-element_type=\"column\">\n\t\t\t<div class=\"elementor-widget-wrap elementor-element-populated\">\n\t\t\t\t\t\t<div class=\"elementor-element elementor-element-3292687 elementor-widget elementor-widget-image\" data-id=\"3292687\" data-element_type=\"widget\" data-widget_type=\"image.default\">\n\t\t\t\t<div class=\"elementor-widget-container\">\n\t\t\t\t\t\t\t\t\t\t\t\t\t\t\t\t<a href=\"https:\/\/snt.transparencia.gob.mx\/cdhegis\/?page_id=25\">\n\t\t\t\t\t\t\t<img loading=\"lazy\" decoding=\"async\" width=\"644\" height=\"644\" src=\"https:\/\/snt.transparencia.gob.mx\/cdhegis\/wp-content\/uploads\/2021\/11\/plan_icon.png\" class=\"attachment-large size-large wp-image-194\" alt=\"\" srcset=\"https:\/\/snt.transparencia.gob.mx\/cdhegis\/wp-content\/uploads\/2021\/11\/plan_icon.png 644w, https:\/\/snt.transparencia.gob.mx\/cdhegis\/wp-content\/uploads\/2021\/11\/plan_icon-300x300.png 300w, https:\/\/snt.transparencia.gob.mx\/cdhegis\/wp-content\/uploads\/2021\/11\/plan_icon-150x150.png 150w\" sizes=\"(max-width: 644px) 100vw, 644px\" \/>\t\t\t\t\t\t\t\t<\/a>\n\t\t\t\t\t\t\t\t\t\t\t\t\t\t\t<\/div>\n\t\t\t\t<\/div>\n\t\t\t\t\t<\/div>\n\t\t<\/div>\n\t\t\t\t<div class=\"elementor-column elementor-col-25 elementor-top-column elementor-element elementor-element-99311a1\" data-id=\"99311a1\" data-element_type=\"column\">\n\t\t\t<div class=\"elementor-widget-wrap elementor-element-populated\">\n\t\t\t\t\t\t<div class=\"elementor-element elementor-element-b0883df elementor-widget elementor-widget-image\" data-id=\"b0883df\" data-element_type=\"widget\" data-widget_type=\"image.default\">\n\t\t\t\t<div class=\"elementor-widget-container\">\n\t\t\t\t\t\t\t\t\t\t\t\t\t\t\t\t<a href=\"https:\/\/snt.transparencia.gob.mx\/cdhegis\/?page_id=27\">\n\t\t\t\t\t\t\t<img loading=\"lazy\" decoding=\"async\" width=\"644\" height=\"644\" src=\"https:\/\/snt.transparencia.gob.mx\/cdhegis\/wp-content\/uploads\/2021\/11\/informes_icon.png\" class=\"attachment-large size-large wp-image-196\" alt=\"\" srcset=\"https:\/\/snt.transparencia.gob.mx\/cdhegis\/wp-content\/uploads\/2021\/11\/informes_icon.png 644w, https:\/\/snt.transparencia.gob.mx\/cdhegis\/wp-content\/uploads\/2021\/11\/informes_icon-300x300.png 300w, https:\/\/snt.transparencia.gob.mx\/cdhegis\/wp-content\/uploads\/2021\/11\/informes_icon-150x150.png 150w\" sizes=\"(max-width: 644px) 100vw, 644px\" \/>\t\t\t\t\t\t\t\t<\/a>\n\t\t\t\t\t\t\t\t\t\t\t\t\t\t\t<\/div>\n\t\t\t\t<\/div>\n\t\t\t\t\t<\/div>\n\t\t<\/div>\n\t\t\t\t<div class=\"elementor-column elementor-col-25 elementor-top-column elementor-element elementor-element-d6d808d\" data-id=\"d6d808d\" data-element_type=\"column\">\n\t\t\t<div class=\"elementor-widget-wrap elementor-element-populated\">\n\t\t\t\t\t\t<div class=\"elementor-element elementor-element-21c75c9 elementor-widget elementor-widget-image\" data-id=\"21c75c9\" data-element_type=\"widget\" data-widget_type=\"image.default\">\n\t\t\t\t<div class=\"elementor-widget-container\">\n\t\t\t\t\t\t\t\t\t\t\t\t\t\t\t\t<a href=\"https:\/\/snt.transparencia.gob.mx\/cdhegis\/?page_id=29\">\n\t\t\t\t\t\t\t<img loading=\"lazy\" decoding=\"async\" width=\"644\" height=\"644\" src=\"https:\/\/snt.transparencia.gob.mx\/cdhegis\/wp-content\/uploads\/2021\/11\/eventos_icon.png\" class=\"attachment-large size-large wp-image-197\" alt=\"\" srcset=\"https:\/\/snt.transparencia.gob.mx\/cdhegis\/wp-content\/uploads\/2021\/11\/eventos_icon.png 644w, https:\/\/snt.transparencia.gob.mx\/cdhegis\/wp-content\/uploads\/2021\/11\/eventos_icon-300x300.png 300w, https:\/\/snt.transparencia.gob.mx\/cdhegis\/wp-content\/uploads\/2021\/11\/eventos_icon-150x150.png 150w\" sizes=\"(max-width: 644px) 100vw, 644px\" \/>\t\t\t\t\t\t\t\t<\/a>\n\t\t\t\t\t\t\t\t\t\t\t\t\t\t\t<\/div>\n\t\t\t\t<\/div>\n\t\t\t\t\t<\/div>\n\t\t<\/div>\n\t\t\t\t\t<\/div>\n\t\t<\/section>\n\t\t\t\t<\/div>\n\t\t","protected":false},"excerpt":{"rendered":"<p>\u00bfQu\u00e9 es la Comisi\u00f3n de Derechos Humanos, Equidad de G\u00e9nero e Inclusi\u00f3n Social? Es una Instancia del Sistema Nacional del Sistema Nacional de Transparencia, Acceso a la Informaci\u00f3n P\u00fablica y Protecci\u00f3n de Datos Personales (SNT), regulada en el art\u00edculo 37 de los Lineamientos para la organizaci\u00f3n, coordinaci\u00f3n y funcionamiento de las instancias de los Integrantes [&hellip;]<\/p>\n","protected":false},"author":1,"featured_media":0,"parent":0,"menu_order":1,"comment_status":"closed","ping_status":"closed","template":"","meta":{"footnotes":""},"ppma_author":[6],"class_list":["post-9","page","type-page","status-publish","hentry"],"_links":{"self":[{"href":"https:\/\/snt.transparencia.gob.mx\/cdhegis\/index.php?rest_route=\/wp\/v2\/pages\/9","targetHints":{"allow":["GET"]}}],"collection":[{"href":"https:\/\/snt.transparencia.gob.mx\/cdhegis\/index.php?rest_route=\/wp\/v2\/pages"}],"about":[{"href":"https:\/\/snt.transparencia.gob.mx\/cdhegis\/index.php?rest_route=\/wp\/v2\/types\/page"}],"author":[{"embeddable":true,"href":"https:\/\/snt.transparencia.gob.mx\/cdhegis\/index.php?rest_route=\/wp\/v2\/users\/1"}],"replies":[{"embeddable":true,"href":"https:\/\/snt.transparencia.gob.mx\/cdhegis\/index.php?rest_route=%2Fwp%2Fv2%2Fcomments&post=9"}],"version-history":[{"count":37,"href":"https:\/\/snt.transparencia.gob.mx\/cdhegis\/index.php?rest_route=\/wp\/v2\/pages\/9\/revisions"}],"predecessor-version":[{"id":1710,"href":"https:\/\/snt.transparencia.gob.mx\/cdhegis\/index.php?rest_route=\/wp\/v2\/pages\/9\/revisions\/1710"}],"wp:attachment":[{"href":"https:\/\/snt.transparencia.gob.mx\/cdhegis\/index.php?rest_route=%2Fwp%2Fv2%2Fmedia&parent=9"}],"wp:term":[{"taxonomy":"author","embeddable":true,"href":"https:\/\/snt.transparencia.gob.mx\/cdhegis\/index.php?rest_route=%2Fwp%2Fv2%2Fppma_author&post=9"}],"curies":[{"name":"wp","href":"https:\/\/api.w.org\/{rel}","templated":true}]}}