{"id":9,"date":"2021-10-26T19:51:40","date_gmt":"2021-10-26T19:51:40","guid":{"rendered":"https:\/\/snt.org.mx\/ccec\/?page_id=9"},"modified":"2025-07-15T16:46:10","modified_gmt":"2025-07-15T16:46:10","slug":"inicio","status":"publish","type":"page","link":"https:\/\/snt.transparencia.gob.mx\/ccec\/","title":{"rendered":"Inicio"},"content":{"rendered":"\t\t<div data-elementor-type=\"wp-page\" data-elementor-id=\"9\" class=\"elementor elementor-9\">\n\t\t\t\t\t\t<section class=\"elementor-section elementor-top-section elementor-element elementor-element-2d0ec17 elementor-section-boxed elementor-section-height-default elementor-section-height-default\" data-id=\"2d0ec17\" data-element_type=\"section\">\n\t\t\t\t\t\t<div class=\"elementor-container elementor-column-gap-default\">\n\t\t\t\t\t<div class=\"elementor-column elementor-col-100 elementor-top-column elementor-element elementor-element-198692c\" data-id=\"198692c\" data-element_type=\"column\">\n\t\t\t<div class=\"elementor-widget-wrap elementor-element-populated\">\n\t\t\t\t\t\t<div class=\"elementor-element elementor-element-b199458 elementor-widget elementor-widget-spacer\" data-id=\"b199458\" data-element_type=\"widget\" data-widget_type=\"spacer.default\">\n\t\t\t\t<div class=\"elementor-widget-container\">\n\t\t\t\t\t\t\t<div class=\"elementor-spacer\">\n\t\t\t<div class=\"elementor-spacer-inner\"><\/div>\n\t\t<\/div>\n\t\t\t\t\t\t<\/div>\n\t\t\t\t<\/div>\n\t\t\t\t\t<\/div>\n\t\t<\/div>\n\t\t\t\t\t<\/div>\n\t\t<\/section>\n\t\t\t\t<section class=\"elementor-section elementor-top-section elementor-element elementor-element-deb3357 elementor-hidden-mobile elementor-section-boxed elementor-section-height-default elementor-section-height-default\" data-id=\"deb3357\" data-element_type=\"section\">\n\t\t\t\t\t\t<div class=\"elementor-container elementor-column-gap-default\">\n\t\t\t\t\t<div class=\"elementor-column elementor-col-100 elementor-top-column elementor-element elementor-element-eb3093f\" data-id=\"eb3093f\" data-element_type=\"column\">\n\t\t\t<div class=\"elementor-widget-wrap elementor-element-populated\">\n\t\t\t\t\t\t<section class=\"elementor-section elementor-inner-section elementor-element elementor-element-e7939d1 elementor-section-content-middle elementor-section-boxed elementor-section-height-default elementor-section-height-default\" data-id=\"e7939d1\" data-element_type=\"section\">\n\t\t\t\t\t\t<div class=\"elementor-container elementor-column-gap-no\">\n\t\t\t\t\t<div class=\"elementor-column elementor-col-33 elementor-inner-column elementor-element elementor-element-a53f4a0\" data-id=\"a53f4a0\" data-element_type=\"column\">\n\t\t\t<div class=\"elementor-widget-wrap elementor-element-populated\">\n\t\t\t\t\t\t<div class=\"elementor-element elementor-element-49132c8 elementor-widget elementor-widget-spacer\" data-id=\"49132c8\" data-element_type=\"widget\" data-widget_type=\"spacer.default\">\n\t\t\t\t<div class=\"elementor-widget-container\">\n\t\t\t\t\t\t\t<div class=\"elementor-spacer\">\n\t\t\t<div class=\"elementor-spacer-inner\"><\/div>\n\t\t<\/div>\n\t\t\t\t\t\t<\/div>\n\t\t\t\t<\/div>\n\t\t\t\t\t<\/div>\n\t\t<\/div>\n\t\t\t\t<div class=\"elementor-column elementor-col-33 elementor-inner-column elementor-element elementor-element-4a01004\" data-id=\"4a01004\" data-element_type=\"column\">\n\t\t\t<div class=\"elementor-widget-wrap elementor-element-populated\">\n\t\t\t\t\t\t<div class=\"elementor-element elementor-element-ed053c9 elementor-widget elementor-widget-image\" data-id=\"ed053c9\" data-element_type=\"widget\" data-widget_type=\"image.default\">\n\t\t\t\t<div class=\"elementor-widget-container\">\n\t\t\t\t\t\t\t\t\t\t\t\t\t\t\t<img decoding=\"async\" width=\"134\" height=\"134\" src=\"https:\/\/snt.transparencia.gob.mx\/ccec\/wp-content\/uploads\/2021\/11\/Grupo-6712@2x.png\" class=\"attachment-large size-large wp-image-215\" alt=\"\" \/>\t\t\t\t\t\t\t\t\t\t\t\t\t\t\t<\/div>\n\t\t\t\t<\/div>\n\t\t\t\t\t<\/div>\n\t\t<\/div>\n\t\t\t\t<div class=\"elementor-column elementor-col-33 elementor-inner-column elementor-element elementor-element-6a2224b\" data-id=\"6a2224b\" data-element_type=\"column\">\n\t\t\t<div class=\"elementor-widget-wrap elementor-element-populated\">\n\t\t\t\t\t\t<div class=\"elementor-element elementor-element-b4611fd elementor-widget elementor-widget-image\" data-id=\"b4611fd\" data-element_type=\"widget\" data-widget_type=\"image.default\">\n\t\t\t\t<div class=\"elementor-widget-container\">\n\t\t\t\t\t\t\t\t\t\t\t\t\t\t\t\t<a href=\"https:\/\/twitter.com\/CapacitacionSNT\" target=\"_blank\">\n\t\t\t\t\t\t\t<img decoding=\"async\" width=\"134\" height=\"134\" src=\"https:\/\/snt.transparencia.gob.mx\/ccec\/wp-content\/uploads\/2021\/11\/Grupo-6710@2x.png\" class=\"attachment-large size-large wp-image-214\" alt=\"\" \/>\t\t\t\t\t\t\t\t<\/a>\n\t\t\t\t\t\t\t\t\t\t\t\t\t\t\t<\/div>\n\t\t\t\t<\/div>\n\t\t\t\t\t<\/div>\n\t\t<\/div>\n\t\t\t\t\t<\/div>\n\t\t<\/section>\n\t\t\t\t\t<\/div>\n\t\t<\/div>\n\t\t\t\t\t<\/div>\n\t\t<\/section>\n\t\t\t\t<section class=\"elementor-section elementor-top-section elementor-element elementor-element-f5d061c elementor-section-full_width elementor-section-height-default elementor-section-height-default\" data-id=\"f5d061c\" data-element_type=\"section\">\n\t\t\t\t\t\t<div class=\"elementor-container elementor-column-gap-no\">\n\t\t\t\t\t<div class=\"elementor-column elementor-col-100 elementor-top-column elementor-element elementor-element-011d9d2\" data-id=\"011d9d2\" data-element_type=\"column\">\n\t\t\t<div class=\"elementor-widget-wrap elementor-element-populated\">\n\t\t\t\t\t\t<div class=\"elementor-element elementor-element-9127d48 elementor-arrows-position-inside elementor-pagination-position-outside elementor-widget elementor-widget-image-carousel\" data-id=\"9127d48\" data-element_type=\"widget\" data-settings=\"{&quot;slides_to_show&quot;:&quot;1&quot;,&quot;navigation&quot;:&quot;both&quot;,&quot;autoplay&quot;:&quot;yes&quot;,&quot;pause_on_hover&quot;:&quot;yes&quot;,&quot;pause_on_interaction&quot;:&quot;yes&quot;,&quot;autoplay_speed&quot;:5000,&quot;infinite&quot;:&quot;yes&quot;,&quot;effect&quot;:&quot;slide&quot;,&quot;speed&quot;:500}\" data-widget_type=\"image-carousel.default\">\n\t\t\t\t<div class=\"elementor-widget-container\">\n\t\t\t\t\t\t\t<div class=\"elementor-image-carousel-wrapper swiper\" role=\"region\" aria-roledescription=\"carousel\" aria-label=\"Carrusel de Im\u00e1genes\" dir=\"ltr\">\n\t\t\t<div class=\"elementor-image-carousel swiper-wrapper swiper-image-stretch\" aria-live=\"off\">\n\t\t\t\t\t\t\t\t<div class=\"swiper-slide\" role=\"group\" aria-roledescription=\"slide\" aria-label=\"1 de 1\"><figure class=\"swiper-slide-inner\"><img decoding=\"async\" class=\"swiper-slide-image\" src=\"https:\/\/snt.transparencia.gob.mx\/ccec\/wp-content\/uploads\/CCEC-SNT.png\" alt=\"CCEC SNT\" \/><\/figure><\/div>\t\t\t<\/div>\n\t\t\t\t\t<\/div>\n\t\t\t\t\t\t<\/div>\n\t\t\t\t<\/div>\n\t\t\t\t\t<\/div>\n\t\t<\/div>\n\t\t\t\t\t<\/div>\n\t\t<\/section>\n\t\t\t\t<section class=\"elementor-section elementor-top-section elementor-element elementor-element-f627980 elementor-section-boxed elementor-section-height-default elementor-section-height-default\" data-id=\"f627980\" data-element_type=\"section\">\n\t\t\t\t\t\t<div class=\"elementor-container elementor-column-gap-default\">\n\t\t\t\t\t<div class=\"elementor-column elementor-col-100 elementor-top-column elementor-element elementor-element-78d8192\" data-id=\"78d8192\" data-element_type=\"column\">\n\t\t\t<div class=\"elementor-widget-wrap elementor-element-populated\">\n\t\t\t\t\t\t<section class=\"elementor-section elementor-inner-section elementor-element elementor-element-8230ef9 elementor-section-boxed elementor-section-height-default elementor-section-height-default\" data-id=\"8230ef9\" data-element_type=\"section\">\n\t\t\t\t\t\t<div class=\"elementor-container elementor-column-gap-default\">\n\t\t\t\t\t<div class=\"elementor-column elementor-col-50 elementor-inner-column elementor-element elementor-element-990b8d7\" data-id=\"990b8d7\" data-element_type=\"column\">\n\t\t\t<div class=\"elementor-widget-wrap elementor-element-populated\">\n\t\t\t\t\t\t<div class=\"elementor-element elementor-element-c8194fd elementor-widget elementor-widget-text-editor\" data-id=\"c8194fd\" data-element_type=\"widget\" data-widget_type=\"text-editor.default\">\n\t\t\t\t<div class=\"elementor-widget-container\">\n\t\t\t\t\t\t\t\t\t<p>\u00bfQu\u00e9 es la Comisi\u00f3n de Capacitaci\u00f3n, Educaci\u00f3n y Cultura?<\/p>\t\t\t\t\t\t\t\t<\/div>\n\t\t\t\t<\/div>\n\t\t\t\t\t<\/div>\n\t\t<\/div>\n\t\t\t\t<div class=\"elementor-column elementor-col-50 elementor-inner-column elementor-element elementor-element-ead1359 elementor-hidden-mobile\" data-id=\"ead1359\" data-element_type=\"column\">\n\t\t\t<div class=\"elementor-widget-wrap elementor-element-populated\">\n\t\t\t\t\t\t<div class=\"elementor-element elementor-element-37c6558 elementor-widget elementor-widget-spacer\" data-id=\"37c6558\" data-element_type=\"widget\" data-widget_type=\"spacer.default\">\n\t\t\t\t<div class=\"elementor-widget-container\">\n\t\t\t\t\t\t\t<div class=\"elementor-spacer\">\n\t\t\t<div class=\"elementor-spacer-inner\"><\/div>\n\t\t<\/div>\n\t\t\t\t\t\t<\/div>\n\t\t\t\t<\/div>\n\t\t\t\t\t<\/div>\n\t\t<\/div>\n\t\t\t\t\t<\/div>\n\t\t<\/section>\n\t\t\t\t\t<\/div>\n\t\t<\/div>\n\t\t\t\t\t<\/div>\n\t\t<\/section>\n\t\t\t\t<section class=\"elementor-section elementor-top-section elementor-element elementor-element-79fa887 elementor-section-boxed elementor-section-height-default elementor-section-height-default\" data-id=\"79fa887\" data-element_type=\"section\">\n\t\t\t\t\t\t<div class=\"elementor-container elementor-column-gap-default\">\n\t\t\t\t\t<div class=\"elementor-column elementor-col-100 elementor-top-column elementor-element elementor-element-547d527\" data-id=\"547d527\" data-element_type=\"column\">\n\t\t\t<div class=\"elementor-widget-wrap elementor-element-populated\">\n\t\t\t\t\t\t<section class=\"elementor-section elementor-inner-section elementor-element elementor-element-1b17acb elementor-section-boxed elementor-section-height-default elementor-section-height-default\" data-id=\"1b17acb\" data-element_type=\"section\">\n\t\t\t\t\t\t<div class=\"elementor-container elementor-column-gap-default\">\n\t\t\t\t\t<div class=\"elementor-column elementor-col-50 elementor-inner-column elementor-element elementor-element-8575a84 elementor-hidden-mobile\" data-id=\"8575a84\" data-element_type=\"column\">\n\t\t\t<div class=\"elementor-widget-wrap elementor-element-populated\">\n\t\t\t\t\t\t<div class=\"elementor-element elementor-element-cc4d8e9 elementor-widget elementor-widget-spacer\" data-id=\"cc4d8e9\" data-element_type=\"widget\" data-widget_type=\"spacer.default\">\n\t\t\t\t<div class=\"elementor-widget-container\">\n\t\t\t\t\t\t\t<div class=\"elementor-spacer\">\n\t\t\t<div class=\"elementor-spacer-inner\"><\/div>\n\t\t<\/div>\n\t\t\t\t\t\t<\/div>\n\t\t\t\t<\/div>\n\t\t\t\t\t<\/div>\n\t\t<\/div>\n\t\t\t\t<div class=\"elementor-column elementor-col-50 elementor-inner-column elementor-element elementor-element-e5950ad\" data-id=\"e5950ad\" data-element_type=\"column\">\n\t\t\t<div class=\"elementor-widget-wrap elementor-element-populated\">\n\t\t\t\t\t\t<div class=\"elementor-element elementor-element-2bf1921 elementor-widget elementor-widget-text-editor\" data-id=\"2bf1921\" data-element_type=\"widget\" data-widget_type=\"text-editor.default\">\n\t\t\t\t<div class=\"elementor-widget-container\">\n\t\t\t\t\t\t\t\t\t<p>Es una Instancia del Sistema Nacional del Sistema Nacional de Transparencia, Acceso a la Informaci\u00f3n P\u00fablica y Protecci\u00f3n de Datos Personales (SNT), regulada en el art\u00edculo 30 de los Lineamientos para la organizaci\u00f3n, coordinaci\u00f3n y funcionamiento de las instancias de los Integrantes del Sistema Nacional de Transparencia, Acceso a la Informaci\u00f3n P\u00fablica y Protecci\u00f3n de Datos Personales (en adelante Lineamientos de las instancias).<\/p><p>Entre las atribuciones que realiza la <strong>Comisi\u00f3n de Capacitaci\u00f3n, Educaci\u00f3n y Cultura <\/strong>del SNT como instancia se encuentran:<\/p><ul><li>Proponer y dise\u00f1ar programas de profesionalizaci\u00f3n, actualizaci\u00f3n y capacitaci\u00f3n de los servidores p\u00fablicos e integrantes de los sujetos obligados en materia de transparencia, acceso a la informaci\u00f3n p\u00fablica, as\u00ed como de protecci\u00f3n de datos personales.<\/li><li>Desarrollar y establecer programas comunes de alcance nacional, para la promoci\u00f3n, investigaci\u00f3n, diagn\u00f3stico y difusi\u00f3n en materias de transparencia, acceso a la informaci\u00f3n p\u00fablica, protecci\u00f3n de datos personales y apertura gubernamental en el pa\u00eds; Lineamientos para las instancias.<\/li><li>Identificar problemas de grupos espec\u00edficos de la sociedad para orientar a estos sectores de la poblaci\u00f3n sobre los beneficios que puede brindarles el acceso a la informaci\u00f3n p\u00fablica y la protecci\u00f3n de datos personales, en coordinaci\u00f3n con las comisiones de Datos Personales y Vinculaci\u00f3n, Promoci\u00f3n, Difusi\u00f3n y Comunicaci\u00f3n Social.<\/li><li>Elaborar propuestas de materiales educativos y de divulgaci\u00f3n relacionados con los temas de transparencia, acceso a la informaci\u00f3n y protecci\u00f3n de datos personales.<\/li><li>Proponer y dise\u00f1ar planes de trabajo para establecer relaciones de colaboraci\u00f3n con los Sujetos Obligados de los diferentes niveles de gobierno, a efecto de promover acciones de capacitaci\u00f3n en materia de transparencia, acceso a la informaci\u00f3n y protecci\u00f3n de datos personales.<\/li><li>Proponer y dise\u00f1ar los talleres de aprendizaje en el uso de la Plataforma Nacional para los sujetos obligados.<\/li><li>Trabajar en conjunto con la Comisi\u00f3n de Tecnolog\u00edas de la Informaci\u00f3n y Plataforma Nacional de Transparencia para facilitar la integraci\u00f3n de los Organismos Garantes y los Sujetos Obligados dentro de la Plataforma.<\/li><li>Contactar a las instituciones p\u00fablicas de educaci\u00f3n de todos los niveles, con el fin de establecer acuerdos para la elaboraci\u00f3n y la publicaci\u00f3n de materiales que fomenten la cultura del derecho de acceso a la informaci\u00f3n, rendici\u00f3n de cuentas y protecci\u00f3n de datos personales.<\/li><li>Proponer a las autoridades educativas de todos los niveles, la inclusi\u00f3n de contenidos sobre la importancia social de la transparencia y el derecho de acceso a la informaci\u00f3n y la protecci\u00f3n de datos personales en los planes de estudio de los niveles educativos b\u00e1sico, medio, medio superior y superior, as\u00ed como para la formaci\u00f3n de docentes de educaci\u00f3n b\u00e1sica.<\/li><li>Proponer acciones para promover, en colaboraci\u00f3n con instituciones educativas y culturales del sector p\u00fablico o privado, mesas de trabajo, exposiciones o concursos relativos a la transparencia y acceso a la informaci\u00f3n.<\/li><li>Proponer estrategias para promover que, en las bibliotecas, centros comunitarios digitales, universidades e instituciones especializadas en materia de archivos, derechos humanos, atenci\u00f3n a la ciudadan\u00eda se prevea la instalaci\u00f3n de m\u00f3dulos de informaci\u00f3n p\u00fablica, que faciliten el ejercicio del derecho de acceso a la informaci\u00f3n y la consulta de la informaci\u00f3n derivada de las obligaciones de transparencia.<\/li><li>Dise\u00f1ar y proponer los proyectos para la creaci\u00f3n de centros de investigaci\u00f3n, difusi\u00f3n y docencia sobre transparencia, derecho de acceso a la informaci\u00f3n y rendici\u00f3n de cuentas, en las instituciones p\u00fablicas y privadas de educaci\u00f3n superior.<\/li><li>Coadyuvar en las actividades del Sistema Nacional relacionadas con la competencia que deriva de su denominaci\u00f3n y el cumplimiento de la Ley.<\/li><\/ul>\t\t\t\t\t\t\t\t<\/div>\n\t\t\t\t<\/div>\n\t\t\t\t\t<\/div>\n\t\t<\/div>\n\t\t\t\t\t<\/div>\n\t\t<\/section>\n\t\t\t\t<div class=\"elementor-element elementor-element-05600e9 elementor-widget elementor-widget-spacer\" data-id=\"05600e9\" data-element_type=\"widget\" data-widget_type=\"spacer.default\">\n\t\t\t\t<div class=\"elementor-widget-container\">\n\t\t\t\t\t\t\t<div class=\"elementor-spacer\">\n\t\t\t<div class=\"elementor-spacer-inner\"><\/div>\n\t\t<\/div>\n\t\t\t\t\t\t<\/div>\n\t\t\t\t<\/div>\n\t\t\t\t\t<\/div>\n\t\t<\/div>\n\t\t\t\t\t<\/div>\n\t\t<\/section>\n\t\t\t\t<section class=\"elementor-section elementor-top-section elementor-element elementor-element-f3729c6 elementor-section-height-min-height elementor-section-boxed elementor-section-height-default elementor-section-items-middle\" data-id=\"f3729c6\" data-element_type=\"section\" data-settings=\"{&quot;background_background&quot;:&quot;classic&quot;}\">\n\t\t\t\t\t\t<div class=\"elementor-container elementor-column-gap-default\">\n\t\t\t\t\t<div class=\"elementor-column elementor-col-25 elementor-top-column elementor-element elementor-element-2d9d4b6\" data-id=\"2d9d4b6\" data-element_type=\"column\">\n\t\t\t<div class=\"elementor-widget-wrap elementor-element-populated\">\n\t\t\t\t\t\t<div class=\"elementor-element elementor-element-01cf5fa elementor-widget elementor-widget-image\" data-id=\"01cf5fa\" data-element_type=\"widget\" data-widget_type=\"image.default\">\n\t\t\t\t<div class=\"elementor-widget-container\">\n\t\t\t\t\t\t\t\t\t\t\t\t\t\t\t\t<a href=\"https:\/\/snt.transparencia.gob.mx\/ccec\/?page_id=23\">\n\t\t\t\t\t\t\t<img fetchpriority=\"high\" decoding=\"async\" width=\"646\" height=\"644\" src=\"https:\/\/snt.transparencia.gob.mx\/ccec\/wp-content\/uploads\/2021\/11\/plan_trabajo_icon.png\" class=\"attachment-large size-large wp-image-211\" alt=\"\" srcset=\"https:\/\/snt.transparencia.gob.mx\/ccec\/wp-content\/uploads\/2021\/11\/plan_trabajo_icon.png 646w, https:\/\/snt.transparencia.gob.mx\/ccec\/wp-content\/uploads\/2021\/11\/plan_trabajo_icon-300x300.png 300w, https:\/\/snt.transparencia.gob.mx\/ccec\/wp-content\/uploads\/2021\/11\/plan_trabajo_icon-150x150.png 150w\" sizes=\"(max-width: 646px) 100vw, 646px\" \/>\t\t\t\t\t\t\t\t<\/a>\n\t\t\t\t\t\t\t\t\t\t\t\t\t\t\t<\/div>\n\t\t\t\t<\/div>\n\t\t\t\t\t<\/div>\n\t\t<\/div>\n\t\t\t\t<div class=\"elementor-column elementor-col-25 elementor-top-column elementor-element elementor-element-ccd5eb9\" data-id=\"ccd5eb9\" data-element_type=\"column\">\n\t\t\t<div class=\"elementor-widget-wrap elementor-element-populated\">\n\t\t\t\t\t\t<div class=\"elementor-element elementor-element-a5168f1 elementor-widget elementor-widget-image\" data-id=\"a5168f1\" data-element_type=\"widget\" data-widget_type=\"image.default\">\n\t\t\t\t<div class=\"elementor-widget-container\">\n\t\t\t\t\t\t\t\t\t\t\t\t\t\t\t\t<a href=\"https:\/\/snt.transparencia.gob.mx\/ccec\/?page_id=25\">\n\t\t\t\t\t\t\t<img loading=\"lazy\" decoding=\"async\" width=\"644\" height=\"644\" src=\"https:\/\/snt.transparencia.gob.mx\/ccec\/wp-content\/uploads\/2021\/11\/plan_icon.png\" class=\"attachment-large size-large wp-image-210\" alt=\"\" srcset=\"https:\/\/snt.transparencia.gob.mx\/ccec\/wp-content\/uploads\/2021\/11\/plan_icon.png 644w, https:\/\/snt.transparencia.gob.mx\/ccec\/wp-content\/uploads\/2021\/11\/plan_icon-300x300.png 300w, https:\/\/snt.transparencia.gob.mx\/ccec\/wp-content\/uploads\/2021\/11\/plan_icon-150x150.png 150w\" sizes=\"(max-width: 644px) 100vw, 644px\" \/>\t\t\t\t\t\t\t\t<\/a>\n\t\t\t\t\t\t\t\t\t\t\t\t\t\t\t<\/div>\n\t\t\t\t<\/div>\n\t\t\t\t\t<\/div>\n\t\t<\/div>\n\t\t\t\t<div class=\"elementor-column elementor-col-25 elementor-top-column elementor-element elementor-element-0a1a57e\" data-id=\"0a1a57e\" data-element_type=\"column\">\n\t\t\t<div class=\"elementor-widget-wrap elementor-element-populated\">\n\t\t\t\t\t\t<div class=\"elementor-element elementor-element-d6fb00a elementor-widget elementor-widget-image\" data-id=\"d6fb00a\" data-element_type=\"widget\" data-widget_type=\"image.default\">\n\t\t\t\t<div class=\"elementor-widget-container\">\n\t\t\t\t\t\t\t\t\t\t\t\t\t\t\t\t<a href=\"https:\/\/snt.transparencia.gob.mx\/ccec\/?page_id=27\">\n\t\t\t\t\t\t\t<img loading=\"lazy\" decoding=\"async\" width=\"644\" height=\"644\" src=\"https:\/\/snt.transparencia.gob.mx\/ccec\/wp-content\/uploads\/2021\/11\/informes_icon.png\" class=\"attachment-large size-large wp-image-212\" alt=\"\" srcset=\"https:\/\/snt.transparencia.gob.mx\/ccec\/wp-content\/uploads\/2021\/11\/informes_icon.png 644w, https:\/\/snt.transparencia.gob.mx\/ccec\/wp-content\/uploads\/2021\/11\/informes_icon-300x300.png 300w, https:\/\/snt.transparencia.gob.mx\/ccec\/wp-content\/uploads\/2021\/11\/informes_icon-150x150.png 150w\" sizes=\"(max-width: 644px) 100vw, 644px\" \/>\t\t\t\t\t\t\t\t<\/a>\n\t\t\t\t\t\t\t\t\t\t\t\t\t\t\t<\/div>\n\t\t\t\t<\/div>\n\t\t\t\t\t<\/div>\n\t\t<\/div>\n\t\t\t\t<div class=\"elementor-column elementor-col-25 elementor-top-column elementor-element elementor-element-58d3992\" data-id=\"58d3992\" data-element_type=\"column\">\n\t\t\t<div class=\"elementor-widget-wrap elementor-element-populated\">\n\t\t\t\t\t\t<div class=\"elementor-element elementor-element-a9bdd8f elementor-widget elementor-widget-image\" data-id=\"a9bdd8f\" data-element_type=\"widget\" data-widget_type=\"image.default\">\n\t\t\t\t<div class=\"elementor-widget-container\">\n\t\t\t\t\t\t\t\t\t\t\t\t\t\t\t\t<a href=\"https:\/\/snt.transparencia.gob.mx\/ccec\/?page_id=29\">\n\t\t\t\t\t\t\t<img loading=\"lazy\" decoding=\"async\" width=\"644\" height=\"644\" src=\"https:\/\/snt.transparencia.gob.mx\/ccec\/wp-content\/uploads\/2021\/11\/eventos_icon.png\" class=\"attachment-large size-large wp-image-213\" alt=\"\" srcset=\"https:\/\/snt.transparencia.gob.mx\/ccec\/wp-content\/uploads\/2021\/11\/eventos_icon.png 644w, https:\/\/snt.transparencia.gob.mx\/ccec\/wp-content\/uploads\/2021\/11\/eventos_icon-300x300.png 300w, https:\/\/snt.transparencia.gob.mx\/ccec\/wp-content\/uploads\/2021\/11\/eventos_icon-150x150.png 150w\" sizes=\"(max-width: 644px) 100vw, 644px\" \/>\t\t\t\t\t\t\t\t<\/a>\n\t\t\t\t\t\t\t\t\t\t\t\t\t\t\t<\/div>\n\t\t\t\t<\/div>\n\t\t\t\t\t<\/div>\n\t\t<\/div>\n\t\t\t\t\t<\/div>\n\t\t<\/section>\n\t\t\t\t<\/div>\n\t\t","protected":false},"excerpt":{"rendered":"<p>\u00bfQu\u00e9 es la Comisi\u00f3n de Capacitaci\u00f3n, Educaci\u00f3n y Cultura? Es una Instancia del Sistema Nacional del Sistema Nacional de Transparencia, Acceso a la Informaci\u00f3n P\u00fablica y Protecci\u00f3n de Datos Personales (SNT), regulada en el art\u00edculo 30 de los Lineamientos para la organizaci\u00f3n, coordinaci\u00f3n y funcionamiento de las instancias de los Integrantes del Sistema Nacional de [&hellip;]<\/p>\n","protected":false},"author":1,"featured_media":0,"parent":0,"menu_order":1,"comment_status":"closed","ping_status":"closed","template":"","meta":{"footnotes":""},"ppma_author":[6],"class_list":["post-9","page","type-page","status-publish","hentry"],"_links":{"self":[{"href":"https:\/\/snt.transparencia.gob.mx\/ccec\/index.php?rest_route=\/wp\/v2\/pages\/9","targetHints":{"allow":["GET"]}}],"collection":[{"href":"https:\/\/snt.transparencia.gob.mx\/ccec\/index.php?rest_route=\/wp\/v2\/pages"}],"about":[{"href":"https:\/\/snt.transparencia.gob.mx\/ccec\/index.php?rest_route=\/wp\/v2\/types\/page"}],"author":[{"embeddable":true,"href":"https:\/\/snt.transparencia.gob.mx\/ccec\/index.php?rest_route=\/wp\/v2\/users\/1"}],"replies":[{"embeddable":true,"href":"https:\/\/snt.transparencia.gob.mx\/ccec\/index.php?rest_route=%2Fwp%2Fv2%2Fcomments&post=9"}],"version-history":[{"count":46,"href":"https:\/\/snt.transparencia.gob.mx\/ccec\/index.php?rest_route=\/wp\/v2\/pages\/9\/revisions"}],"predecessor-version":[{"id":1883,"href":"https:\/\/snt.transparencia.gob.mx\/ccec\/index.php?rest_route=\/wp\/v2\/pages\/9\/revisions\/1883"}],"wp:attachment":[{"href":"https:\/\/snt.transparencia.gob.mx\/ccec\/index.php?rest_route=%2Fwp%2Fv2%2Fmedia&parent=9"}],"wp:term":[{"taxonomy":"author","embeddable":true,"href":"https:\/\/snt.transparencia.gob.mx\/ccec\/index.php?rest_route=%2Fwp%2Fv2%2Fppma_author&post=9"}],"curies":[{"name":"wp","href":"https:\/\/api.w.org\/{rel}","templated":true}]}}